{"id":1808,"date":"2026-02-10T13:00:09","date_gmt":"2026-02-10T13:00:09","guid":{"rendered":"https:\/\/www.catherine-mainguy.fr\/galerie-cmainguy\/?page_id=1808"},"modified":"2026-02-10T13:00:09","modified_gmt":"2026-02-10T13:00:09","slug":"corps-a-corps","status":"publish","type":"page","link":"https:\/\/www.catherine-mainguy.fr\/galerie-cmainguy\/corps-a-corps\/","title":{"rendered":"Corps \u00e0 Corps"},"content":{"rendered":"<div class=\"wpb-content-wrapper\"><p>[vc_row css=\u00a0\u00bb.vc_custom_1418868503434{margin-top: -150px !important;}\u00a0\u00bb][vc_column width=\u00a0\u00bb2\/3&Prime; css=\u00a0\u00bb.vc_custom_1418866906242{padding-top: 12px !important;}\u00a0\u00bb][vc_column_text css=\u00a0\u00bb\u00a0\u00bb]<strong><span style=\"color: #2fc99d;\">Corps \u00e0 Corps<br \/>\n<\/span><\/strong><\/p>\n<div class=\"page\" title=\"Page 2\">\n<div class=\"layoutArea\">\n<div class=\"column\">\n<p class=\"p1\">\u00c0 travers la peinture et la sculpture, Virginie Hils et Sabine Li explorent le corps comme lieu de m\u00e9moire, de tension et de puissance. Chez Virginie Hils, le corps est travers\u00e9 par des forces visibles et invisibles : silences, cris, cauchemars, traces anciennes et fragments de souvenirs qui affleurent \u00e0 la surface de la mati\u00e8re. Les sculptures de Sabine Li donnent forme \u00e0 une pr\u00e9sence collective affirm\u00e9e. Ces figures de terre cuite, \u00e0 la fois singuli\u00e8res et rassembl\u00e9es, imposent leur force par le nombre, hors du temps et des hi\u00e9rarchies. R\u00e9unies, leurs oeuvres ouvrent un espace de dialogue o\u00f9 l\u2019intime rejoint l\u2019histoire et la m\u00e9moire collective.<\/p>\n<\/div>\n<\/div>\n<\/div>\n<p class=\"p1\"><span style=\"color: #2fc99d;\"><strong>Artistes :<br \/>\n<\/strong><\/span>Sabine Li &#8211; Virginie Hils<\/p>\n<p>[\/vc_column_text][\/vc_column][vc_column width=\u00a0\u00bb1\/3&Prime; css=\u00a0\u00bb.vc_custom_1418866919529{padding-top: 12px !important;}\u00a0\u00bb][vc_column_text css=\u00a0\u00bb\u00a0\u00bb]<span style=\"color: #2fc99d;\"><strong>Exposition :<br \/>\n<\/strong><\/span>du Jeudi 26 F\u00e9vrier au Jeudi 2 Avril 2026<\/p>\n<p><span style=\"color: #2fc99d;\"><strong>Vernissage :<br \/>\n<\/strong><\/span>le Jeudi 26 F\u00e9vrier 2026 a\u0300 partir de 18h.<\/p>\n<p><span style=\"color: #2fc99d;\"><strong>D\u00e9crochage\u00a0:<\/strong><\/span><br \/>\nle Jeudi 2 Avril 2026 a\u0300 partir de 18h<\/p>\n<div class=\"page\" title=\"Page 2\">\n<div class=\"layoutArea\">\n<div class=\"column\">\n<p>&nbsp;<\/p>\n<\/div>\n<\/div>\n<\/div>\n<p>[\/vc_column_text][\/vc_column][\/vc_row][vc_row][vc_column width=\u00a0\u00bb1\/2&Prime;][vc_single_image image=\u00a0\u00bb1810&Prime; img_size=\u00a0\u00bbfull\u00a0\u00bb add_caption=\u00a0\u00bbyes\u00a0\u00bb css=\u00a0\u00bb\u00a0\u00bb title=\u00a0\u00bbVirginie Hils\u00a0\u00bb][\/vc_column][vc_column width=\u00a0\u00bb1\/2&Prime;][vc_single_image image=\u00a0\u00bb1809&Prime; img_size=\u00a0\u00bbfull\u00a0\u00bb add_caption=\u00a0\u00bbyes\u00a0\u00bb css=\u00a0\u00bb\u00a0\u00bb title=\u00a0\u00bbSabine Li\u00a0\u00bb][\/vc_column][\/vc_row]<\/p>\n<\/div>","protected":false},"excerpt":{"rendered":"<p>[vc_row css=\u00a0\u00bb.vc_custom_1418868503434{margin-top: -150px !important;}\u00a0\u00bb][vc_column width=\u00a0\u00bb2\/3&Prime; css=\u00a0\u00bb.vc_custom_1418866906242{padding-top: 12px !important;}\u00a0\u00bb][vc_column_text css=\u00a0\u00bb\u00a0\u00bb]Corps \u00e0 Corps \u00c0 travers la peinture et la sculpture, Virginie Hils et Sabine Li explorent le corps comme lieu de m\u00e9moire, de tension et de puissance. Chez Virginie Hils, le corps est travers\u00e9 par des forces visibles et invisibles : silences, [&hellip;]<\/p>\n","protected":false},"author":1,"featured_media":0,"parent":0,"menu_order":0,"comment_status":"open","ping_status":"open","template":"","meta":{"footnotes":""},"class_list":["post-1808","page","type-page","status-publish","hentry"],"_links":{"self":[{"href":"https:\/\/www.catherine-mainguy.fr\/galerie-cmainguy\/wp-json\/wp\/v2\/pages\/1808"}],"collection":[{"href":"https:\/\/www.catherine-mainguy.fr\/galerie-cmainguy\/wp-json\/wp\/v2\/pages"}],"about":[{"href":"https:\/\/www.catherine-mainguy.fr\/galerie-cmainguy\/wp-json\/wp\/v2\/types\/page"}],"author":[{"embeddable":true,"href":"https:\/\/www.catherine-mainguy.fr\/galerie-cmainguy\/wp-json\/wp\/v2\/users\/1"}],"replies":[{"embeddable":true,"href":"https:\/\/www.catherine-mainguy.fr\/galerie-cmainguy\/wp-json\/wp\/v2\/comments?post=1808"}],"version-history":[{"count":1,"href":"https:\/\/www.catherine-mainguy.fr\/galerie-cmainguy\/wp-json\/wp\/v2\/pages\/1808\/revisions"}],"predecessor-version":[{"id":1812,"href":"https:\/\/www.catherine-mainguy.fr\/galerie-cmainguy\/wp-json\/wp\/v2\/pages\/1808\/revisions\/1812"}],"wp:attachment":[{"href":"https:\/\/www.catherine-mainguy.fr\/galerie-cmainguy\/wp-json\/wp\/v2\/media?parent=1808"}],"curies":[{"name":"wp","href":"https:\/\/api.w.org\/{rel}","templated":true}]}}