{"id":1754,"date":"2025-12-15T18:43:25","date_gmt":"2025-12-15T18:43:25","guid":{"rendered":"https:\/\/www.catherine-mainguy.fr\/galerie-cmainguy\/?page_id=1754"},"modified":"2025-12-18T06:26:38","modified_gmt":"2025-12-18T06:26:38","slug":"anatomie-du-silence","status":"publish","type":"page","link":"https:\/\/www.catherine-mainguy.fr\/galerie-cmainguy\/anatomie-du-silence\/","title":{"rendered":"ANATOMIE DU SILENCE &#8211; ERIC LACOMBE"},"content":{"rendered":"<div class=\"wpb-content-wrapper\"><p>[vc_row css=\u00a0\u00bb.vc_custom_1418868503434{margin-top: -150px !important;}\u00a0\u00bb][vc_column width=\u00a0\u00bb2\/3&Prime; css=\u00a0\u00bb.vc_custom_1418866906242{padding-top: 12px !important;}\u00a0\u00bb][vc_column_text css=\u00a0\u00bb\u00a0\u00bb]<span style=\"color: #2fc99d;\">Peintre, graphiste, plasticien, vit et travaille \u00e0 Lyon.<\/span><\/p>\n<p class=\"p1\">Dans le silence, les formes se souviennent. \u00c9ric Lacombe explore ces territoires fragiles o\u00f9 le vivant se dissout dans la m\u00e9canique du monde. Sous la peau, dans la craie et l\u2019ombre, il d\u00e9plie la m\u00e9moire des corps (humains, animaux, imaginaires). Ses dessins et peintures, entre pr\u00e9cision chirurgicale et \u00e9lan organique, diss\u00e8quent le silence et recomposent la mati\u00e8re. \u00c0 la crois\u00e9e du dessin anatomique et du r\u00eave, il trace une cartographie sensible de l\u2019int\u00e9riorit\u00e9, o\u00f9 la douleur se fait murmure et la fragilit\u00e9, architecture. Les oiseaux veillent. Gardiens d\u2019une parole perdue, ils habitent cet espace o\u00f9 le vivant et le disparu se fr\u00f4lent encore.<\/p>\n<p>[\/vc_column_text][\/vc_column][vc_column width=\u00a0\u00bb1\/3&Prime; css=\u00a0\u00bb.vc_custom_1418866919529{padding-top: 12px !important;}\u00a0\u00bb][vc_column_text css=\u00a0\u00bb\u00a0\u00bb]<span style=\"color: #2fc99d;\"><strong>Exposition<\/strong><\/span> du 8 janvier au 5 f\u00e9vrier 2026<br \/>\nOuvert du mardi au samedi de 14h \u00e0 19h<\/p>\n<p><span style=\"color: #2fc99d;\"><strong>Vernissage <\/strong><\/span>le Jeudi 8 janvier 2026 \u00e0 partir de 18h<\/p>\n<p><span style=\"color: #2fc99d;\"><strong>D\u00e9crochage<\/strong><\/span> le jeudi 5 f\u00e9vrier 2026 \u00e0 partir de 18h[\/vc_column_text][\/vc_column][\/vc_row][vc_row bg_type=\u00a0\u00bbimage\u00a0\u00bb css=\u00a0\u00bb.vc_custom_1419117891772{margin-top: 50px !important;padding-top: 0px !important;padding-bottom: 100px !important;}\u00a0\u00bb][vc_column width=\u00a0\u00bb1\/2&Prime;][vc_single_image image=\u00a0\u00bb1756&Prime; img_size=\u00a0\u00bblarge\u00a0\u00bb css_animation=\u00a0\u00bbbounceIn\u00a0\u00bb css=\u00a0\u00bb\u00a0\u00bb][\/vc_column][vc_column width=\u00a0\u00bb1\/2&Prime;][vc_single_image image=\u00a0\u00bb1755&Prime; img_size=\u00a0\u00bblarge\u00a0\u00bb css_animation=\u00a0\u00bbbounceIn\u00a0\u00bb css=\u00a0\u00bb\u00a0\u00bb][\/vc_column][\/vc_row][vc_row bg_type=\u00a0\u00bbimage\u00a0\u00bb css=\u00a0\u00bb.vc_custom_1765824258925{padding-top: 0px !important;padding-bottom: 100px !important;}\u00a0\u00bb][vc_column width=\u00a0\u00bb1\/2&Prime;][vc_single_image image=\u00a0\u00bb1757&Prime; img_size=\u00a0\u00bblarge\u00a0\u00bb css_animation=\u00a0\u00bbbounceIn\u00a0\u00bb css=\u00a0\u00bb\u00a0\u00bb][\/vc_column][vc_column width=\u00a0\u00bb1\/2&Prime;][\/vc_column][\/vc_row]<\/p>\n<\/div>","protected":false},"excerpt":{"rendered":"<p>[vc_row css=\u00a0\u00bb.vc_custom_1418868503434{margin-top: -150px !important;}\u00a0\u00bb][vc_column width=\u00a0\u00bb2\/3&Prime; css=\u00a0\u00bb.vc_custom_1418866906242{padding-top: 12px !important;}\u00a0\u00bb][vc_column_text css=\u00a0\u00bb\u00a0\u00bb]Peintre, graphiste, plasticien, vit et travaille \u00e0 Lyon. Dans le silence, les formes se souviennent. \u00c9ric Lacombe explore ces territoires fragiles o\u00f9 le vivant se dissout dans la m\u00e9canique du monde. Sous la peau, dans la craie et l\u2019ombre, il d\u00e9plie la [&hellip;]<\/p>\n","protected":false},"author":1,"featured_media":0,"parent":0,"menu_order":0,"comment_status":"open","ping_status":"open","template":"","meta":{"footnotes":""},"class_list":["post-1754","page","type-page","status-publish","hentry"],"_links":{"self":[{"href":"https:\/\/www.catherine-mainguy.fr\/galerie-cmainguy\/wp-json\/wp\/v2\/pages\/1754"}],"collection":[{"href":"https:\/\/www.catherine-mainguy.fr\/galerie-cmainguy\/wp-json\/wp\/v2\/pages"}],"about":[{"href":"https:\/\/www.catherine-mainguy.fr\/galerie-cmainguy\/wp-json\/wp\/v2\/types\/page"}],"author":[{"embeddable":true,"href":"https:\/\/www.catherine-mainguy.fr\/galerie-cmainguy\/wp-json\/wp\/v2\/users\/1"}],"replies":[{"embeddable":true,"href":"https:\/\/www.catherine-mainguy.fr\/galerie-cmainguy\/wp-json\/wp\/v2\/comments?post=1754"}],"version-history":[{"count":3,"href":"https:\/\/www.catherine-mainguy.fr\/galerie-cmainguy\/wp-json\/wp\/v2\/pages\/1754\/revisions"}],"predecessor-version":[{"id":1766,"href":"https:\/\/www.catherine-mainguy.fr\/galerie-cmainguy\/wp-json\/wp\/v2\/pages\/1754\/revisions\/1766"}],"wp:attachment":[{"href":"https:\/\/www.catherine-mainguy.fr\/galerie-cmainguy\/wp-json\/wp\/v2\/media?parent=1754"}],"curies":[{"name":"wp","href":"https:\/\/api.w.org\/{rel}","templated":true}]}}