{"id":1732,"date":"2025-10-14T18:14:40","date_gmt":"2025-10-14T18:14:40","guid":{"rendered":"https:\/\/www.catherine-mainguy.fr\/galerie-cmainguy\/?page_id=1732"},"modified":"2025-10-14T18:18:05","modified_gmt":"2025-10-14T18:18:05","slug":"imaginaires-singuliers","status":"publish","type":"page","link":"https:\/\/www.catherine-mainguy.fr\/galerie-cmainguy\/imaginaires-singuliers\/","title":{"rendered":"Imaginaires Singuliers"},"content":{"rendered":"<div class=\"wpb-content-wrapper\"><p>[vc_row css=\u00a0\u00bb.vc_custom_1418868503434{margin-top: -150px !important;}\u00a0\u00bb][vc_column width=\u00a0\u00bb2\/3&Prime; css=\u00a0\u00bb.vc_custom_1418866906242{padding-top: 12px !important;}\u00a0\u00bb][vc_column_text css=\u00a0\u00bb\u00a0\u00bb]<strong><span style=\"color: #2fc99d;\">Imaginaires Singuliers<br \/>\n<\/span><\/strong><\/p>\n<div class=\"page\" title=\"Page 2\">\n<div class=\"layoutArea\">\n<div class=\"column\">\n<p class=\"p1\">\u00ab Cette exposition est une rencontre entre les univers foisonnants de Jocelyne Besson Girard et Didier Hamey. Tous deux explorent la gravure avec une empreinte intimiste. On plonge volontiers dans les visages \u00e9nigmatiques de Jocelyne, qui sondent l\u2019\u00e2me et l\u2019essence profonde de l\u2019\u00eatre. Ces portraits iconiques semblent nous murmurer leurs secrets les plus enfouis. Jocelyne devient la r\u00e9alisatrice d\u2019intimes longs voyages, charg\u00e9s de toutes les \u00e9motions v\u00e9cues. Didier, quant \u00e0 lui, nous d\u00e9voile son monde enchanteur, peupl\u00e9 de bestiaires sauvages et de figures myst\u00e9rieuses, en osmose avec la nature. Ses r\u00e9cits fantastiques sont une hybridation entre le r\u00e8gne v\u00e9g\u00e9tal et l\u2019humain, une f\u00e9erie florale symbiose du coeur de l\u2019homme. Les deux artistes subliment la mati\u00e8re inerte pour en extraire des \u00ab cr\u00e9atures \u00bb porte-paroles de vie et de f\u00e9condit\u00e9, et une conscience claire d\u2019\u00eatre au monde. \u00bb<\/p>\n<\/div>\n<\/div>\n<\/div>\n<p class=\"p1\"><span style=\"color: #2fc99d;\"><strong>Artistes :<br \/>\n<\/strong><\/span>Didier Hamey &#8211; Jocelyne Besson Girard<\/p>\n<p>[\/vc_column_text][\/vc_column][vc_column width=\u00a0\u00bb1\/3&Prime; css=\u00a0\u00bb.vc_custom_1418866919529{padding-top: 12px !important;}\u00a0\u00bb][vc_column_text css=\u00a0\u00bb\u00a0\u00bb]<span style=\"color: #2fc99d;\"><strong>Exposition :<br \/>\n<\/strong><\/span>du Jeudi 6 Novembre au Jeudi 18 D\u00e9cembre 2025<\/p>\n<p><span style=\"color: #2fc99d;\"><strong>Vernissage :<br \/>\n<\/strong><\/span>le Jeudi 6 Novembre 2025 a\u0300 partir de 18h.<\/p>\n<p><span style=\"color: #2fc99d;\"><strong>D\u00e9crochage\u00a0:<\/strong><\/span><br \/>\nle Jeudi 18 D\u00e9cembre 2025 a\u0300 partir de 18h<\/p>\n<div class=\"page\" title=\"Page 2\">\n<div class=\"layoutArea\">\n<div class=\"column\">\n<p>&nbsp;<\/p>\n<\/div>\n<\/div>\n<\/div>\n<p>[\/vc_column_text][\/vc_column][\/vc_row][vc_row][vc_column width=\u00a0\u00bb1\/2&Prime;][vc_single_image image=\u00a0\u00bb1738&Prime; img_size=\u00a0\u00bbfull\u00a0\u00bb add_caption=\u00a0\u00bbyes\u00a0\u00bb css=\u00a0\u00bb\u00a0\u00bb title=\u00a0\u00bbDidier Hamey\u00a0\u00bb][vc_single_image image=\u00a0\u00bb1736&Prime; img_size=\u00a0\u00bbfull\u00a0\u00bb add_caption=\u00a0\u00bbyes\u00a0\u00bb css=\u00a0\u00bb\u00a0\u00bb title=\u00a0\u00bbDidier Hamey\u00a0\u00bb][\/vc_column][vc_column width=\u00a0\u00bb1\/2&Prime;][vc_single_image image=\u00a0\u00bb1743&Prime; img_size=\u00a0\u00bbfull\u00a0\u00bb add_caption=\u00a0\u00bbyes\u00a0\u00bb css=\u00a0\u00bb\u00a0\u00bb title=\u00a0\u00bbJocelyne Besson Girard\u00a0\u00bb][vc_single_image image=\u00a0\u00bb1742&Prime; img_size=\u00a0\u00bbfull\u00a0\u00bb add_caption=\u00a0\u00bbyes\u00a0\u00bb css=\u00a0\u00bb\u00a0\u00bb title=\u00a0\u00bbJocelyne Besson Girard\u00a0\u00bb][\/vc_column][\/vc_row]<\/p>\n<\/div>","protected":false},"excerpt":{"rendered":"<p>[vc_row css=\u00a0\u00bb.vc_custom_1418868503434{margin-top: -150px !important;}\u00a0\u00bb][vc_column width=\u00a0\u00bb2\/3&Prime; css=\u00a0\u00bb.vc_custom_1418866906242{padding-top: 12px !important;}\u00a0\u00bb][vc_column_text css=\u00a0\u00bb\u00a0\u00bb]Imaginaires Singuliers \u00ab Cette exposition est une rencontre entre les univers foisonnants de Jocelyne Besson Girard et Didier Hamey. Tous deux explorent la gravure avec une empreinte intimiste. On plonge volontiers dans les visages \u00e9nigmatiques de Jocelyne, qui sondent l\u2019\u00e2me et l\u2019essence [&hellip;]<\/p>\n","protected":false},"author":1,"featured_media":0,"parent":0,"menu_order":0,"comment_status":"open","ping_status":"open","template":"","meta":{"footnotes":""},"class_list":["post-1732","page","type-page","status-publish","hentry"],"_links":{"self":[{"href":"https:\/\/www.catherine-mainguy.fr\/galerie-cmainguy\/wp-json\/wp\/v2\/pages\/1732"}],"collection":[{"href":"https:\/\/www.catherine-mainguy.fr\/galerie-cmainguy\/wp-json\/wp\/v2\/pages"}],"about":[{"href":"https:\/\/www.catherine-mainguy.fr\/galerie-cmainguy\/wp-json\/wp\/v2\/types\/page"}],"author":[{"embeddable":true,"href":"https:\/\/www.catherine-mainguy.fr\/galerie-cmainguy\/wp-json\/wp\/v2\/users\/1"}],"replies":[{"embeddable":true,"href":"https:\/\/www.catherine-mainguy.fr\/galerie-cmainguy\/wp-json\/wp\/v2\/comments?post=1732"}],"version-history":[{"count":3,"href":"https:\/\/www.catherine-mainguy.fr\/galerie-cmainguy\/wp-json\/wp\/v2\/pages\/1732\/revisions"}],"predecessor-version":[{"id":1744,"href":"https:\/\/www.catherine-mainguy.fr\/galerie-cmainguy\/wp-json\/wp\/v2\/pages\/1732\/revisions\/1744"}],"wp:attachment":[{"href":"https:\/\/www.catherine-mainguy.fr\/galerie-cmainguy\/wp-json\/wp\/v2\/media?parent=1732"}],"curies":[{"name":"wp","href":"https:\/\/api.w.org\/{rel}","templated":true}]}}