{"id":1715,"date":"2025-08-29T07:21:12","date_gmt":"2025-08-29T07:21:12","guid":{"rendered":"https:\/\/www.catherine-mainguy.fr\/galerie-cmainguy\/?page_id=1715"},"modified":"2025-08-29T07:46:04","modified_gmt":"2025-08-29T07:46:04","slug":"paysages-traverses","status":"publish","type":"page","link":"https:\/\/www.catherine-mainguy.fr\/galerie-cmainguy\/paysages-traverses\/","title":{"rendered":"CATHERINE MAINGUY &#8211; PAYSAGES TRAVERS\u00c9S"},"content":{"rendered":"<div class=\"wpb-content-wrapper\"><p>[vc_row css=\u00a0\u00bb.vc_custom_1418868503434{margin-top: -150px !important;}\u00a0\u00bb][vc_column width=\u00a0\u00bb2\/3&Prime; css=\u00a0\u00bb.vc_custom_1418866919529{padding-top: 12px !important;}\u00a0\u00bb][vc_column_text css=\u00a0\u00bb\u00a0\u00bb]<\/p>\n<p class=\"p1\">\u00ab Quelle joie de revoir le travail de Catherine Mainguy sur les murs de sa galerie. Avec une cr\u00e9ation lib\u00e9r\u00e9e et sereine, elle a repris les pinceaux en dormance. De cette jach\u00e8re a jailli l\u2019encre pure : Catherine joue de sa diffusion sur le papier, elle a choisi les couleurs de la terre et de l\u2019espace du ciel pour nous offrir les paysages venus \u00e0 elle. C\u2019est un carnet de voyage int\u00e9rieur comme une fen\u00eatre sur les instants v\u00e9cus par la gr\u00e2ce de cr\u00e9ation. \u00bb<\/p>\n<p class=\"p1\"><i>Caroline Semp\u00e9<\/i><\/p>\n<p>[\/vc_column_text][\/vc_column][vc_column width=\u00a0\u00bb1\/3&Prime;][vc_column_text css=\u00a0\u00bb\u00a0\u00bb]<span style=\"color: #2fc99d;\"><strong>Vernissage<\/strong><\/span> Mercredi 10 septembre 2025 \u00e0 partir de 18h<br \/>\net Jeudi 11 septembre 2025 \u00e0 partir de 18h<br \/>\n<span style=\"color: #2fc99d;\"><strong>Exposition<\/strong><\/span> du Mercredi 10 septembre au Jeudi 16 octobre 2025<br \/>\n<span style=\"color: #2fc99d;\"><strong>D\u00e9crochage<\/strong><\/span>\u00a0 Jeudi 16 octobre 2025 \u00e0 partir de 18h<\/p>\n<p><a href=\"http:\/\/www.catherine-mainguy.fr\" target=\"_blank\" rel=\"noopener\">www.catherine-mainguy.fr<\/a>[\/vc_column_text][\/vc_column][\/vc_row][vc_row css=\u00a0\u00bb.vc_custom_1481151168661{margin-top: 50px !important;}\u00a0\u00bb][vc_column width=\u00a0\u00bb1\/2&Prime; css=\u00a0\u00bb.vc_custom_1481151919339{padding-right: 50px !important;}\u00a0\u00bb][vc_single_image image=\u00a0\u00bb1719&Prime; img_size=\u00a0\u00bbfull\u00a0\u00bb css_animation=\u00a0\u00bbfadeInDown\u00a0\u00bb css=\u00a0\u00bb\u00a0\u00bb][\/vc_column][vc_column width=\u00a0\u00bb1\/2&Prime; css=\u00a0\u00bb.vc_custom_1481151931343{padding-left: 50px !important;}\u00a0\u00bb][vc_single_image image=\u00a0\u00bb1718&Prime; img_size=\u00a0\u00bbfull\u00a0\u00bb css_animation=\u00a0\u00bbfadeInDown\u00a0\u00bb css=\u00a0\u00bb\u00a0\u00bb][\/vc_column][\/vc_row][vc_row bg_type=\u00a0\u00bbimage\u00a0\u00bb css=\u00a0\u00bb.vc_custom_1481151186455{margin-top: 50px !important;padding-top: 0px !important;padding-bottom: 0px !important;}\u00a0\u00bb][vc_column width=\u00a0\u00bb1\/2&Prime; css=\u00a0\u00bb.vc_custom_1481151948227{padding-right: 50px !important;}\u00a0\u00bb][vc_single_image image=\u00a0\u00bb1717&Prime; img_size=\u00a0\u00bbfull\u00a0\u00bb css_animation=\u00a0\u00bbfadeInDown\u00a0\u00bb css=\u00a0\u00bb\u00a0\u00bb][\/vc_column][vc_column width=\u00a0\u00bb1\/2&Prime; css=\u00a0\u00bb.vc_custom_1481152204624{padding-left: 50px !important;}\u00a0\u00bb][vc_single_image image=\u00a0\u00bb1716&Prime; img_size=\u00a0\u00bbfull\u00a0\u00bb css_animation=\u00a0\u00bbfadeInDown\u00a0\u00bb css=\u00a0\u00bb\u00a0\u00bb][\/vc_column][\/vc_row]<\/p>\n<\/div>","protected":false},"excerpt":{"rendered":"<p>[vc_row css=\u00a0\u00bb.vc_custom_1418868503434{margin-top: -150px !important;}\u00a0\u00bb][vc_column width=\u00a0\u00bb2\/3&Prime; css=\u00a0\u00bb.vc_custom_1418866919529{padding-top: 12px !important;}\u00a0\u00bb][vc_column_text css=\u00a0\u00bb\u00a0\u00bb] \u00ab Quelle joie de revoir le travail de Catherine Mainguy sur les murs de sa galerie. Avec une cr\u00e9ation lib\u00e9r\u00e9e et sereine, elle a repris les pinceaux en dormance. De cette jach\u00e8re a jailli l\u2019encre pure : Catherine joue de sa [&hellip;]<\/p>\n","protected":false},"author":1,"featured_media":0,"parent":0,"menu_order":0,"comment_status":"open","ping_status":"open","template":"","meta":{"footnotes":""},"class_list":["post-1715","page","type-page","status-publish","hentry"],"_links":{"self":[{"href":"https:\/\/www.catherine-mainguy.fr\/galerie-cmainguy\/wp-json\/wp\/v2\/pages\/1715"}],"collection":[{"href":"https:\/\/www.catherine-mainguy.fr\/galerie-cmainguy\/wp-json\/wp\/v2\/pages"}],"about":[{"href":"https:\/\/www.catherine-mainguy.fr\/galerie-cmainguy\/wp-json\/wp\/v2\/types\/page"}],"author":[{"embeddable":true,"href":"https:\/\/www.catherine-mainguy.fr\/galerie-cmainguy\/wp-json\/wp\/v2\/users\/1"}],"replies":[{"embeddable":true,"href":"https:\/\/www.catherine-mainguy.fr\/galerie-cmainguy\/wp-json\/wp\/v2\/comments?post=1715"}],"version-history":[{"count":6,"href":"https:\/\/www.catherine-mainguy.fr\/galerie-cmainguy\/wp-json\/wp\/v2\/pages\/1715\/revisions"}],"predecessor-version":[{"id":1729,"href":"https:\/\/www.catherine-mainguy.fr\/galerie-cmainguy\/wp-json\/wp\/v2\/pages\/1715\/revisions\/1729"}],"wp:attachment":[{"href":"https:\/\/www.catherine-mainguy.fr\/galerie-cmainguy\/wp-json\/wp\/v2\/media?parent=1715"}],"curies":[{"name":"wp","href":"https:\/\/api.w.org\/{rel}","templated":true}]}}