{"id":1659,"date":"2025-01-03T12:35:08","date_gmt":"2025-01-03T12:35:08","guid":{"rendered":"https:\/\/www.catherine-mainguy.fr\/galerie-cmainguy\/?page_id=1659"},"modified":"2025-01-03T12:47:40","modified_gmt":"2025-01-03T12:47:40","slug":"errance","status":"publish","type":"page","link":"https:\/\/www.catherine-mainguy.fr\/galerie-cmainguy\/errance\/","title":{"rendered":"Errance"},"content":{"rendered":"<div class=\"wpb-content-wrapper\"><p>[vc_row css=\u00a0\u00bb.vc_custom_1418868503434{margin-top: -150px !important;}\u00a0\u00bb][vc_column width=\u00a0\u00bb2\/3&Prime; css=\u00a0\u00bb.vc_custom_1418866906242{padding-top: 12px !important;}\u00a0\u00bb][vc_column_text css=\u00a0\u00bb\u00a0\u00bb]<strong><span style=\"color: #2fc99d;\">Errance<br \/>\n<\/span><\/strong><\/p>\n<p>L\u2019errance, c\u2019est avoir la terre en partage. C\u2019est se mettre en disponibilit\u00e9 pour recevoir le monde sans<br \/>\nattente, ni finalit\u00e9. L\u2019errance c\u2019est recevoir les paysages qui d\u00e9filent et nourrissent les sens et le coeur<br \/>\njusqu\u2019\u00e0 l\u2019ivresse. Sous l\u2019effet de la lumi\u00e8re et des ombres, les formes changent, se transforment et<br \/>\nse dissolvent jusqu\u2019\u00e0 devenir abstraites.<br \/>\nCette exposition pr\u00e9sente plusieurs s\u00e9ries de gravures de paysages r\u00e9alis\u00e9es \u00e0 des \u00e9poques<br \/>\ndiff\u00e9rentes comme un album de souvenirs d\u00e9sordonn\u00e9s. Les images oscillent entre repr\u00e9sentation<br \/>\nfigurative et d\u00e9structuration avec \u00e9mergence de formes essentielles : une errance en soi.<\/p>\n<p>&nbsp;<\/p>\n<p class=\"p1\"><span style=\"color: #2fc99d;\"><strong>Artiste :<br \/>\n<\/strong><\/span>Pascale Parrein<\/p>\n<p>[\/vc_column_text][\/vc_column][vc_column width=\u00a0\u00bb1\/3&Prime; css=\u00a0\u00bb.vc_custom_1418866919529{padding-top: 12px !important;}\u00a0\u00bb][vc_column_text css=\u00a0\u00bb\u00a0\u00bb]<span style=\"color: #2fc99d;\"><strong>Exposition :<br \/>\n<\/strong><\/span>du Jeudi 16 Janvier au Jeudi 20 F\u00e9vrier 2025<\/p>\n<p><span style=\"color: #2fc99d;\"><strong>Vernissage\u00a0:<\/strong><\/span><br \/>\nle Jeudi 16 Janvier \u00e0 partir de 18h30<\/p>\n<p><span style=\"color: #2fc99d;\"><strong>D\u00e9crochage\u00a0:<\/strong><\/span><br \/>\nle jeudi 20 F\u00e9vrier \u00e0 partir de 18h30[\/vc_column_text][\/vc_column][\/vc_row][vc_row][vc_column width=\u00a0\u00bb1\/3&Prime;][vc_single_image image=\u00a0\u00bb1662&Prime; img_size=\u00a0\u00bb\u00a0\u00bb css_animation=\u00a0\u00bbfadeInRight\u00a0\u00bb css=\u00a0\u00bb\u00a0\u00bb][\/vc_column][vc_column width=\u00a0\u00bb1\/3&Prime;][vc_single_image image=\u00a0\u00bb1671&Prime; img_size=\u00a0\u00bb\u00a0\u00bb css_animation=\u00a0\u00bbfadeInRight\u00a0\u00bb css=\u00a0\u00bb\u00a0\u00bb][\/vc_column][vc_column width=\u00a0\u00bb1\/3&Prime;][vc_single_image image=\u00a0\u00bb1663&Prime; img_size=\u00a0\u00bb\u00a0\u00bb css_animation=\u00a0\u00bbfadeInRight\u00a0\u00bb css=\u00a0\u00bb\u00a0\u00bb][\/vc_column][\/vc_row]<\/p>\n<\/div>","protected":false},"excerpt":{"rendered":"<p>[vc_row css=\u00a0\u00bb.vc_custom_1418868503434{margin-top: -150px !important;}\u00a0\u00bb][vc_column width=\u00a0\u00bb2\/3&Prime; css=\u00a0\u00bb.vc_custom_1418866906242{padding-top: 12px !important;}\u00a0\u00bb][vc_column_text css=\u00a0\u00bb\u00a0\u00bb]Errance L\u2019errance, c\u2019est avoir la terre en partage. C\u2019est se mettre en disponibilit\u00e9 pour recevoir le monde sans attente, ni finalit\u00e9. L\u2019errance c\u2019est recevoir les paysages qui d\u00e9filent et nourrissent les sens et le coeur jusqu\u2019\u00e0 l\u2019ivresse. Sous l\u2019effet de la lumi\u00e8re [&hellip;]<\/p>\n","protected":false},"author":1,"featured_media":0,"parent":0,"menu_order":0,"comment_status":"open","ping_status":"open","template":"","meta":{"footnotes":""},"class_list":["post-1659","page","type-page","status-publish","hentry"],"_links":{"self":[{"href":"https:\/\/www.catherine-mainguy.fr\/galerie-cmainguy\/wp-json\/wp\/v2\/pages\/1659"}],"collection":[{"href":"https:\/\/www.catherine-mainguy.fr\/galerie-cmainguy\/wp-json\/wp\/v2\/pages"}],"about":[{"href":"https:\/\/www.catherine-mainguy.fr\/galerie-cmainguy\/wp-json\/wp\/v2\/types\/page"}],"author":[{"embeddable":true,"href":"https:\/\/www.catherine-mainguy.fr\/galerie-cmainguy\/wp-json\/wp\/v2\/users\/1"}],"replies":[{"embeddable":true,"href":"https:\/\/www.catherine-mainguy.fr\/galerie-cmainguy\/wp-json\/wp\/v2\/comments?post=1659"}],"version-history":[{"count":7,"href":"https:\/\/www.catherine-mainguy.fr\/galerie-cmainguy\/wp-json\/wp\/v2\/pages\/1659\/revisions"}],"predecessor-version":[{"id":1672,"href":"https:\/\/www.catherine-mainguy.fr\/galerie-cmainguy\/wp-json\/wp\/v2\/pages\/1659\/revisions\/1672"}],"wp:attachment":[{"href":"https:\/\/www.catherine-mainguy.fr\/galerie-cmainguy\/wp-json\/wp\/v2\/media?parent=1659"}],"curies":[{"name":"wp","href":"https:\/\/api.w.org\/{rel}","templated":true}]}}