{"id":960,"date":"2017-05-25T13:40:39","date_gmt":"2017-05-25T13:40:39","guid":{"rendered":"http:\/\/www.catherine-mainguy.fr\/galerie-cmainguy\/?page_id=960"},"modified":"2017-05-25T17:51:13","modified_gmt":"2017-05-25T17:51:13","slug":"exposition-collective-eric-lacombe-peggy-viallat-victor-otero-agnes-mariller-florian-eymann","status":"publish","type":"page","link":"http:\/\/www.catherine-mainguy.fr\/galerie-cmainguy\/exposition-collective-eric-lacombe-peggy-viallat-victor-otero-agnes-mariller-florian-eymann\/","title":{"rendered":"Autour du Portrait"},"content":{"rendered":"<div class=\"wpb-content-wrapper\"><p>[vc_row bg_type=\u00a0\u00bbno_bg\u00a0\u00bb row_parallax_speed=\u00a0\u00bb1&Prime; content_width=\u00a0\u00bbdefault\u00a0\u00bb css=\u00a0\u00bb.vc_custom_1418868503434{margin-top: -150px !important;}\u00a0\u00bb][vc_column width=\u00a0\u00bb1\/3&Prime; css=\u00a0\u00bb.vc_custom_1418866906242{padding-top: 12px !important;}\u00a0\u00bb][vc_column_text]<span style=\"color: #2fc99d;\">Expostion Collective<\/span><\/p>\n<p>Cinq artistes de talent r\u00e9unis autour d\u2019une exposition d\u00e9di\u00e9e au portrait.\u00a0 Cinq univers \u00e0 \u00ab\u00a0fleur de peau\u00a0\u00bb : c\u2019est l\u2019Art du portrait qui prend une claque. Bien au del\u00e0 des simples apparences, la chair devient t\u00e9moin des \u00e9mois. Les profondeurs abyssales de l\u2019\u00e2me ressurgissent en surface.<\/p>\n<p><span style=\"color: #2fc99d;\"><strong>Exposition<\/strong><\/span> du\u00a01<sup>er<\/sup> Juin 2017 au\u00a01<sup>er<\/sup> juillet 2017[\/vc_column_text][\/vc_column][vc_column width=\u00a0\u00bb1\/3&Prime; css=\u00a0\u00bb.vc_custom_1418866919529{padding-top: 12px !important;}\u00a0\u00bb][vc_column_text]<span style=\"color: #2fc99d;\"><strong>Vernissage<\/strong><\/span> Le jeudi 1<sup>er<\/sup> Juin \u00e0 19h<\/p>\n<p><span style=\"color: #2fc99d;\"><strong>Finissage<\/strong><\/span> le samedi 1<sup>er<\/sup> juillet en pr\u00e9sence de Peggy Viallat-Langlois et Agn\u00e8s Mariller dans la cadre d\u2019un journ\u00e9e festive dans le quartier des pentes de la croix rousse.<\/p>\n<p><span style=\"color: #2fc99d;\"><strong>Artistes :<br \/>\n<\/strong><\/span><a title=\"ERIC LACOMBE\" href=\"http:\/\/www.catherine-mainguy.fr\/galerie-cmainguy\/eric-lacombe\/\">Eric Lacombe, <\/a>Peggy Viallat, Victor Otero, Agn\u00e8s Mariller, <a href=\"http:\/\/www.catherine-mainguy.fr\/galerie-cmainguy\/flo-eymann\/\">Florian Eymann<\/a>[\/vc_column_text][\/vc_column][vc_column width=\u00a0\u00bb1\/3&Prime;][vc_column_text]<\/p>\n<p style=\"text-align: center;\">[layerslider id=\u00a0\u00bb20&Prime;]<\/p>\n<p>[\/vc_column_text][\/vc_column][\/vc_row][vc_row bg_type=\u00a0\u00bbno_bg\u00a0\u00bb row_parallax_speed=\u00a0\u00bb1&Prime; content_width=\u00a0\u00bbdefault\u00a0\u00bb][vc_column width=\u00a0\u00bb1\/2&Prime;]<div class=\"my-animation fadeInRight\"><div class='infobox-1 default'><header><img src='http:\/\/www.catherine-mainguy.fr\/galerie-cmainguy\/wp-content\/uploads\/2017\/05\/ERIC-LACOMBE-1.jpg' alt='' class='img-responsive' \/><\/header><h5 >ERIC LACOMBE<\/h5><\/div><\/div>[\/vc_column][vc_column width=\u00a0\u00bb1\/2&Prime;]<div class=\"my-animation fadeInRight\"><div class='infobox-1 default'><header><img src='http:\/\/www.catherine-mainguy.fr\/galerie-cmainguy\/wp-content\/uploads\/2017\/05\/ERIC-LACOMBE-2.jpg' alt='' class='img-responsive' \/><\/header><h5 >ERIC LACOMBE<\/h5><\/div><\/div>[\/vc_column][\/vc_row][vc_row bg_type=\u00a0\u00bbno_bg\u00a0\u00bb row_parallax_speed=\u00a0\u00bb1&Prime; content_width=\u00a0\u00bbdefault\u00a0\u00bb][vc_column width=\u00a0\u00bb1\/2&Prime;]<div class=\"my-animation fadeInRight\"><div class='infobox-1 default'><header><img src='http:\/\/www.catherine-mainguy.fr\/galerie-cmainguy\/wp-content\/uploads\/2017\/05\/PEGGY-VIALLAT-21.jpg' alt='' class='img-responsive' \/><\/header><h5 >PEGGY VIALLAT<\/h5><\/div><\/div>[\/vc_column][vc_column width=\u00a0\u00bb1\/2&Prime;]<div class=\"my-animation fadeInRight\"><div class='infobox-1 default'><header><img src='http:\/\/www.catherine-mainguy.fr\/galerie-cmainguy\/wp-content\/uploads\/2017\/05\/PEGGY-VIALLAT-12.jpg' alt='' class='img-responsive' \/><\/header><h5 >PEGGY VIALLAT<\/h5><\/div><\/div>[\/vc_column][\/vc_row][vc_row bg_type=\u00a0\u00bbno_bg\u00a0\u00bb row_parallax_speed=\u00a0\u00bb1&Prime; content_width=\u00a0\u00bbdefault\u00a0\u00bb][vc_column width=\u00a0\u00bb1\/2&Prime;]<div class=\"my-animation fadeInRight\"><div class='infobox-1 default'><header><img src='http:\/\/www.catherine-mainguy.fr\/galerie-cmainguy\/wp-content\/uploads\/2017\/05\/VICTOR-OTERO-1.jpg' alt='' class='img-responsive' \/><\/header><h5 >VICTOR OTERO <\/h5><\/div><\/div>[\/vc_column][vc_column width=\u00a0\u00bb1\/2&Prime;]<div class=\"my-animation fadeInRight\"><div class='infobox-1 default'><header><img src='http:\/\/www.catherine-mainguy.fr\/galerie-cmainguy\/wp-content\/uploads\/2017\/05\/VICTOR-OTERO-2.jpg' alt='' class='img-responsive' \/><\/header><h5 >VICTOR OTERO <\/h5><\/div><\/div>[\/vc_column][\/vc_row][vc_row bg_type=\u00a0\u00bbno_bg\u00a0\u00bb row_parallax_speed=\u00a0\u00bb1&Prime; content_width=\u00a0\u00bbdefault\u00a0\u00bb][vc_column width=\u00a0\u00bb1\/2&Prime;]<div class=\"my-animation fadeInRight\"><div class='infobox-1 default'><header><img src='http:\/\/www.catherine-mainguy.fr\/galerie-cmainguy\/wp-content\/uploads\/2017\/05\/AGNES-MARILLER-1.jpg' alt='' class='img-responsive' \/><\/header><h5 >AGNES MARILLER<\/h5><\/div><\/div>[\/vc_column][vc_column width=\u00a0\u00bb1\/2&Prime;]<div class=\"my-animation fadeInRight\"><div class='infobox-1 default'><header><img src='http:\/\/www.catherine-mainguy.fr\/galerie-cmainguy\/wp-content\/uploads\/2017\/05\/AGNES-MARILLER-2.jpg' alt='' class='img-responsive' \/><\/header><h5 >AGNES MARILLER<\/h5><\/div><\/div>[\/vc_column][\/vc_row][vc_row bg_type=\u00a0\u00bbno_bg\u00a0\u00bb row_parallax_speed=\u00a0\u00bb1&Prime; content_width=\u00a0\u00bbdefault\u00a0\u00bb][vc_column width=\u00a0\u00bb1\/2&Prime;]<div class=\"my-animation fadeInRight\"><div class='infobox-1 default'><header><img src='http:\/\/www.catherine-mainguy.fr\/galerie-cmainguy\/wp-content\/uploads\/2017\/05\/FLO-EYMANN-2.jpg' alt='' class='img-responsive' \/><\/header><h5 >FLO EYMANN<\/h5><\/div><\/div>[\/vc_column][vc_column width=\u00a0\u00bb1\/2&Prime;]<div class=\"my-animation fadeInRight\"><div class='infobox-1 default'><header><img src='http:\/\/www.catherine-mainguy.fr\/galerie-cmainguy\/wp-content\/uploads\/2017\/05\/FLO-EYMANN-1.jpg' alt='' class='img-responsive' \/><\/header><h5 >FLO EYMANN<\/h5><\/div><\/div>[\/vc_column][\/vc_row]<\/p>\n<\/div>","protected":false},"excerpt":{"rendered":"<p>[vc_row bg_type=\u00a0\u00bbno_bg\u00a0\u00bb row_parallax_speed=\u00a0\u00bb1&Prime; content_width=\u00a0\u00bbdefault\u00a0\u00bb css=\u00a0\u00bb.vc_custom_1418868503434{margin-top: -150px !important;}\u00a0\u00bb][vc_column width=\u00a0\u00bb1\/3&Prime; css=\u00a0\u00bb.vc_custom_1418866906242{padding-top: 12px !important;}\u00a0\u00bb][vc_column_text]Expostion Collective Cinq artistes de talent r\u00e9unis autour d\u2019une exposition d\u00e9di\u00e9e au portrait.\u00a0 Cinq univers \u00e0 \u00ab\u00a0fleur de peau\u00a0\u00bb : c\u2019est l\u2019Art du portrait qui prend une claque. Bien au del\u00e0 des simples apparences, la chair devient t\u00e9moin des \u00e9mois. [&hellip;]<\/p>\n","protected":false},"author":1,"featured_media":0,"parent":0,"menu_order":0,"comment_status":"open","ping_status":"open","template":"","meta":{"footnotes":""},"class_list":["post-960","page","type-page","status-publish","hentry"],"_links":{"self":[{"href":"http:\/\/www.catherine-mainguy.fr\/galerie-cmainguy\/wp-json\/wp\/v2\/pages\/960"}],"collection":[{"href":"http:\/\/www.catherine-mainguy.fr\/galerie-cmainguy\/wp-json\/wp\/v2\/pages"}],"about":[{"href":"http:\/\/www.catherine-mainguy.fr\/galerie-cmainguy\/wp-json\/wp\/v2\/types\/page"}],"author":[{"embeddable":true,"href":"http:\/\/www.catherine-mainguy.fr\/galerie-cmainguy\/wp-json\/wp\/v2\/users\/1"}],"replies":[{"embeddable":true,"href":"http:\/\/www.catherine-mainguy.fr\/galerie-cmainguy\/wp-json\/wp\/v2\/comments?post=960"}],"version-history":[{"count":13,"href":"http:\/\/www.catherine-mainguy.fr\/galerie-cmainguy\/wp-json\/wp\/v2\/pages\/960\/revisions"}],"predecessor-version":[{"id":1004,"href":"http:\/\/www.catherine-mainguy.fr\/galerie-cmainguy\/wp-json\/wp\/v2\/pages\/960\/revisions\/1004"}],"wp:attachment":[{"href":"http:\/\/www.catherine-mainguy.fr\/galerie-cmainguy\/wp-json\/wp\/v2\/media?parent=960"}],"curies":[{"name":"wp","href":"https:\/\/api.w.org\/{rel}","templated":true}]}}