{"id":881,"date":"2017-02-13T22:51:21","date_gmt":"2017-02-13T22:51:21","guid":{"rendered":"http:\/\/www.catherine-mainguy.fr\/galerie-cmainguy\/?page_id=881"},"modified":"2017-02-13T23:10:29","modified_gmt":"2017-02-13T23:10:29","slug":"pascale-parrein","status":"publish","type":"page","link":"http:\/\/www.catherine-mainguy.fr\/galerie-cmainguy\/pascale-parrein\/","title":{"rendered":"PASCALE PARREIN"},"content":{"rendered":"<div class=\"wpb-content-wrapper\"><p>[vc_row bg_type=\u00a0\u00bbno_bg\u00a0\u00bb row_parallax_speed=\u00a0\u00bb1&Prime; content_width=\u00a0\u00bbdefault\u00a0\u00bb css=\u00a0\u00bb.vc_custom_1418868503434{margin-top: -150px !important;}\u00a0\u00bb][vc_column width=\u00a0\u00bb1\/3&Prime; css=\u00a0\u00bb.vc_custom_1418866906242{padding-top: 12px !important;}\u00a0\u00bb][vc_column_text]<span style=\"color: #2fc99d;\">Gravures et dessins<\/span><\/p>\n<p>Avec une formation artistique et scientifique, Pascale Parrein a une connaissance globale et une pratique des deux champs. Elle s\u2019interroge sur la notion de repr\u00e9sentation par l\u2019art et la science. Si le dessin et la gravure ont \u00e9t\u00e9 initialement les outils privil\u00e9gi\u00e9s pour repr\u00e9senter les connaissances, ils sont aujourd\u2019hui d\u00e9pass\u00e9s dans ce r\u00f4le par des techniques de plus en plus sophistiqu\u00e9es, permettant de repousser les limites de la perception humaine et par la m\u00eame de l&rsquo;invisibilit\u00e9. Si on accorde alors beaucoup de rigueur et de l\u2019objectivit\u00e9 aux outils techniques, il est loyal d\u2019admettre que les techniques m\u00eame les plus sophistiqu\u00e9es n\u2019offrent qu\u2019une repr\u00e9sentation approximative et parcellaire de la r\u00e9alit\u00e9 qui doit de plus \u00eatre retranscrite avec plus ou moins de fid\u00e9lit\u00e9 dans le champ perceptif humain.[\/vc_column_text][\/vc_column][vc_column width=\u00a0\u00bb1\/3&Prime; css=\u00a0\u00bb.vc_custom_1418866919529{padding-top: 12px !important;}\u00a0\u00bb][vc_column_text]Seule l\u2019imaginaire nourri des multiples repr\u00e9sentations issues des avanc\u00e9es techniques et des connaissances scientifiques est capable de se figurer le monde dans sa globalit\u00e9 et sa complexit\u00e9. C\u2019est alors aussi que l\u2019art reprend ses droits.<\/p>\n<p><span style=\"color: #2fc99d;\"><strong>Exposition : \u00ab\u00a0Ressentir l\u2019invisible\u00a0\u00bb<\/strong><\/span><\/p>\n<p><span style=\"color: #2fc99d;\"><strong>Vernissage<\/strong><\/span> \u00a0le jeudi 2 mars \u00e0 partir de 18H30<\/p>\n<p><span style=\"color: #2fc99d;\"><strong>Exposition<\/strong><\/span> du 2 mars au 1er avril 2017<\/p>\n<p><span style=\"color: #2fc99d;\"><strong>D\u00e9bat \/ Rencontre avec l\u2019artiste\u00a0<\/strong><\/span> : le jeudi 16 mars \u00e0 19H30,<br \/>\nsur la question de la repr\u00e9sentation visuelle en art et en science<\/p>\n<p><a href=\"http:\/\/www.pascaleparrein.net\/\" target=\"_blank\">www.pascaleparrein.net<\/a>[\/vc_column_text][\/vc_column][vc_column width=\u00a0\u00bb1\/3&Prime;][vc_column_text]<\/p>\n<p style=\"text-align: center;\">[layerslider id=\u00a0\u00bb18&Prime;]<\/p>\n<p>[\/vc_column_text][\/vc_column][\/vc_row][vc_row css=\u00a0\u00bb.vc_custom_1423866945621{margin-top: 50px !important;}\u00a0\u00bb bg_type=\u00a0\u00bbimage\u00a0\u00bb row_parallax_speed=\u00a0\u00bb1&Prime; content_width=\u00a0\u00bbdefault\u00a0\u00bb][vc_column width=\u00a0\u00bb1\/2&Prime;]<div class=\"my-animation fadeInRight\"><div class='infobox-1 default'><header><img src='http:\/\/www.catherine-mainguy.fr\/galerie-cmainguy\/wp-content\/uploads\/2017\/02\/PASCALE_PARREIN_AnatomyIII1.jpg' alt='' class='img-responsive' \/><\/header><\/div><\/div>[\/vc_column][vc_column width=\u00a0\u00bb1\/2&Prime;]<div class=\"my-animation fadeInDown\"><div class='infobox-1 default'><header><img src='http:\/\/www.catherine-mainguy.fr\/galerie-cmainguy\/wp-content\/uploads\/2017\/02\/M_AnatomyVI.jpg' alt='' class='img-responsive' \/><\/header><\/div><\/div>[\/vc_column][\/vc_row][vc_row css=\u00a0\u00bb.vc_custom_1423866945621{margin-top: 50px !important;}\u00a0\u00bb bg_type=\u00a0\u00bbimage\u00a0\u00bb row_parallax_speed=\u00a0\u00bb1&Prime; content_width=\u00a0\u00bbdefault\u00a0\u00bb][vc_column width=\u00a0\u00bb1\/2&Prime;]<div class=\"my-animation fadeInLeft\"><div class='infobox-1 default'><header><img src='http:\/\/www.catherine-mainguy.fr\/galerie-cmainguy\/wp-content\/uploads\/2017\/02\/Impact6f.jpg' alt='' class='img-responsive' \/><\/header><\/div><\/div>[\/vc_column][vc_column width=\u00a0\u00bb1\/2&Prime;]<div class=\"my-animation fadeInUp\"><div class='infobox-1 default'><header><img src='http:\/\/www.catherine-mainguy.fr\/galerie-cmainguy\/wp-content\/uploads\/2017\/02\/Impact5d.jpg' alt='' class='img-responsive' \/><\/header><\/div><\/div>[\/vc_column][\/vc_row][vc_row css=\u00a0\u00bb.vc_custom_1423866945621{margin-top: 50px !important;}\u00a0\u00bb bg_type=\u00a0\u00bbimage\u00a0\u00bb row_parallax_speed=\u00a0\u00bb1&Prime; content_width=\u00a0\u00bbdefault\u00a0\u00bb][vc_column width=\u00a0\u00bb1\/2&Prime;]<div class=\"my-animation fadeInDown\"><div class='infobox-1 default'><header><img src='http:\/\/www.catherine-mainguy.fr\/galerie-cmainguy\/wp-content\/uploads\/2017\/02\/IM3_PetitEnvol_5.jpg' alt='' class='img-responsive' \/><\/header><\/div><\/div>[\/vc_column][vc_column width=\u00a0\u00bb1\/2&Prime;]<div class=\"my-animation fadeInLeft\"><div class='infobox-1 default'><header><img src='http:\/\/www.catherine-mainguy.fr\/galerie-cmainguy\/wp-content\/uploads\/2017\/02\/IM6_PetitEnvol_6.jpg' alt='' class='img-responsive' \/><\/header><\/div><\/div>[\/vc_column][\/vc_row]<\/p>\n<\/div>","protected":false},"excerpt":{"rendered":"<p>[vc_row bg_type=\u00a0\u00bbno_bg\u00a0\u00bb row_parallax_speed=\u00a0\u00bb1&Prime; content_width=\u00a0\u00bbdefault\u00a0\u00bb css=\u00a0\u00bb.vc_custom_1418868503434{margin-top: -150px !important;}\u00a0\u00bb][vc_column width=\u00a0\u00bb1\/3&Prime; css=\u00a0\u00bb.vc_custom_1418866906242{padding-top: 12px !important;}\u00a0\u00bb][vc_column_text]Gravures et dessins Avec une formation artistique et scientifique, Pascale Parrein a une connaissance globale et une pratique des deux champs. Elle s\u2019interroge sur la notion de repr\u00e9sentation par l\u2019art et la science. Si le dessin et la gravure ont [&hellip;]<\/p>\n","protected":false},"author":1,"featured_media":0,"parent":0,"menu_order":0,"comment_status":"open","ping_status":"open","template":"","meta":{"footnotes":""},"class_list":["post-881","page","type-page","status-publish","hentry"],"_links":{"self":[{"href":"http:\/\/www.catherine-mainguy.fr\/galerie-cmainguy\/wp-json\/wp\/v2\/pages\/881"}],"collection":[{"href":"http:\/\/www.catherine-mainguy.fr\/galerie-cmainguy\/wp-json\/wp\/v2\/pages"}],"about":[{"href":"http:\/\/www.catherine-mainguy.fr\/galerie-cmainguy\/wp-json\/wp\/v2\/types\/page"}],"author":[{"embeddable":true,"href":"http:\/\/www.catherine-mainguy.fr\/galerie-cmainguy\/wp-json\/wp\/v2\/users\/1"}],"replies":[{"embeddable":true,"href":"http:\/\/www.catherine-mainguy.fr\/galerie-cmainguy\/wp-json\/wp\/v2\/comments?post=881"}],"version-history":[{"count":9,"href":"http:\/\/www.catherine-mainguy.fr\/galerie-cmainguy\/wp-json\/wp\/v2\/pages\/881\/revisions"}],"predecessor-version":[{"id":900,"href":"http:\/\/www.catherine-mainguy.fr\/galerie-cmainguy\/wp-json\/wp\/v2\/pages\/881\/revisions\/900"}],"wp:attachment":[{"href":"http:\/\/www.catherine-mainguy.fr\/galerie-cmainguy\/wp-json\/wp\/v2\/media?parent=881"}],"curies":[{"name":"wp","href":"https:\/\/api.w.org\/{rel}","templated":true}]}}