{"id":829,"date":"2016-12-05T00:08:31","date_gmt":"2016-12-05T00:08:31","guid":{"rendered":"http:\/\/www.catherine-mainguy.fr\/galerie-cmainguy\/?page_id=829"},"modified":"2016-12-07T23:16:16","modified_gmt":"2016-12-07T23:16:16","slug":"catherine-mainguy-habillage-de-patience-deshabillage-de-desir","status":"publish","type":"page","link":"http:\/\/www.catherine-mainguy.fr\/galerie-cmainguy\/catherine-mainguy-habillage-de-patience-deshabillage-de-desir\/","title":{"rendered":"CATHERINE MAINGUY &#8211; HABILLAGE DE PATIENCE DESHABILLAGE DE DESIR"},"content":{"rendered":"<div class=\"wpb-content-wrapper\"><p>[vc_row bg_type=\u00a0\u00bbno_bg\u00a0\u00bb row_parallax_speed=\u00a0\u00bb1&Prime; content_width=\u00a0\u00bbdefault\u00a0\u00bb css=\u00a0\u00bb.vc_custom_1418868503434{margin-top: -150px !important;}\u00a0\u00bb][vc_column width=\u00a0\u00bb1\/3&Prime; css=\u00a0\u00bb.vc_custom_1418866906242{padding-top: 12px !important;}\u00a0\u00bb][vc_column_text]<span style=\"color: #2fc99d;\">Peintre,\u00a0vit et travaille \u00e0 Lyon<\/span><\/p>\n<p>Habillage de patience,<br \/>\nD\u00e9shabillage de d\u00e9sir.<\/p>\n<p>\u00ab\u00a0Ici ou ailleurs, partout,<br \/>\nImpalpable sensualit\u00e9.\u2028Latente attente,<br \/>\nSubtiles substances.<br \/>\nJeu de voil\u00e9\u00a0&#8211; d\u00e9voil\u00e9,<br \/>\nLes faux-semblants oubli\u00e9s.<br \/>\nRespirer, s\u2019\u00e9manciper,<br \/>\n\u2026 Et aimer.\u00a0\u00bb[\/vc_column_text][\/vc_column][vc_column width=\u00a0\u00bb1\/3&Prime; css=\u00a0\u00bb.vc_custom_1418866919529{padding-top: 12px !important;}\u00a0\u00bb][vc_column_text]<span style=\"color: #2fc99d;\"><strong>Vernissage<\/strong><\/span> le samedi 9 d\u00e9cembre 2016 \u00e0 partir de 18h<\/p>\n<p><span style=\"color: #2fc99d;\"><strong>Exposition<\/strong><\/span> du 8 d\u00e9cembre 2016 au 25 f\u00e9vrier 2017<\/p>\n<p>www.catherine-mainguy.fr[\/vc_column_text][\/vc_column][vc_column width=\u00a0\u00bb1\/3&Prime;][vc_column_text]<\/p>\n<p style=\"text-align: center;\">[layerslider id=\u00a0\u00bb17&Prime;]<\/p>\n<p>[\/vc_column_text][\/vc_column][\/vc_row][vc_row css=\u00a0\u00bb.vc_custom_1480897258722{margin-top: 50px !important;}\u00a0\u00bb bg_type=\u00a0\u00bbno_bg\u00a0\u00bb row_parallax_speed=\u00a0\u00bb1&Prime; content_width=\u00a0\u00bbdefault\u00a0\u00bb][vc_column width=\u00a0\u00bb1\/2&Prime; css=\u00a0\u00bb.vc_custom_1481152530681{padding-right: 50px !important;}\u00a0\u00bb]<div class=\"my-animation fadeInRight\"><div class='infobox-1 default'><header><img src='http:\/\/www.catherine-mainguy.fr\/galerie-cmainguy\/wp-content\/uploads\/2016\/12\/13-30X40-e1480896607780.jpg' alt='' class='img-responsive' \/><\/header><\/div><\/div>[\/vc_column][vc_column width=\u00a0\u00bb1\/2&Prime; css=\u00a0\u00bb.vc_custom_1481152542403{padding-left: 50px !important;}\u00a0\u00bb]<div class=\"my-animation fadeInRight\"><div class='infobox-1 default'><header><img src='http:\/\/www.catherine-mainguy.fr\/galerie-cmainguy\/wp-content\/uploads\/2016\/12\/10-30X40-e1481152724239.jpg' alt='' class='img-responsive' \/><\/header><\/div><\/div>[\/vc_column][\/vc_row][vc_row css=\u00a0\u00bb.vc_custom_1480897258722{margin-top: 50px !important;}\u00a0\u00bb bg_type=\u00a0\u00bbno_bg\u00a0\u00bb row_parallax_speed=\u00a0\u00bb1&Prime; content_width=\u00a0\u00bbdefault\u00a0\u00bb][vc_column width=\u00a0\u00bb1\/2&Prime; css=\u00a0\u00bb.vc_custom_1481152530681{padding-right: 50px !important;}\u00a0\u00bb]<div class=\"my-animation fadeInRight\"><div class='infobox-1 default'><header><img src='http:\/\/www.catherine-mainguy.fr\/galerie-cmainguy\/wp-content\/uploads\/2016\/12\/7-30X40-e1481152810696.jpg' alt='' class='img-responsive' \/><\/header><\/div><\/div>[\/vc_column][vc_column width=\u00a0\u00bb1\/2&Prime; css=\u00a0\u00bb.vc_custom_1481152542403{padding-left: 50px !important;}\u00a0\u00bb]<div class=\"my-animation fadeInRight\"><div class='infobox-1 default'><header><img src='http:\/\/www.catherine-mainguy.fr\/galerie-cmainguy\/wp-content\/uploads\/2016\/12\/4-30X40-e1480896473532.jpg' alt='' class='img-responsive' \/><\/header><\/div><\/div>[\/vc_column][\/vc_row]<\/p>\n<\/div>","protected":false},"excerpt":{"rendered":"<p>[vc_row bg_type=\u00a0\u00bbno_bg\u00a0\u00bb row_parallax_speed=\u00a0\u00bb1&Prime; content_width=\u00a0\u00bbdefault\u00a0\u00bb css=\u00a0\u00bb.vc_custom_1418868503434{margin-top: -150px !important;}\u00a0\u00bb][vc_column width=\u00a0\u00bb1\/3&Prime; css=\u00a0\u00bb.vc_custom_1418866906242{padding-top: 12px !important;}\u00a0\u00bb][vc_column_text]Peintre,\u00a0vit et travaille \u00e0 Lyon Habillage de patience, D\u00e9shabillage de d\u00e9sir. \u00ab\u00a0Ici ou ailleurs, partout, Impalpable sensualit\u00e9.\u2028Latente attente, Subtiles substances. Jeu de voil\u00e9\u00a0&#8211; d\u00e9voil\u00e9, Les faux-semblants oubli\u00e9s. Respirer, s\u2019\u00e9manciper, \u2026 Et aimer.\u00a0\u00bb[\/vc_column_text][\/vc_column][vc_column width=\u00a0\u00bb1\/3&Prime; css=\u00a0\u00bb.vc_custom_1418866919529{padding-top: 12px !important;}\u00a0\u00bb][vc_column_text]Vernissage le samedi 9 d\u00e9cembre [&hellip;]<\/p>\n","protected":false},"author":1,"featured_media":0,"parent":0,"menu_order":0,"comment_status":"open","ping_status":"open","template":"","meta":{"footnotes":""},"class_list":["post-829","page","type-page","status-publish","hentry"],"_links":{"self":[{"href":"http:\/\/www.catherine-mainguy.fr\/galerie-cmainguy\/wp-json\/wp\/v2\/pages\/829"}],"collection":[{"href":"http:\/\/www.catherine-mainguy.fr\/galerie-cmainguy\/wp-json\/wp\/v2\/pages"}],"about":[{"href":"http:\/\/www.catherine-mainguy.fr\/galerie-cmainguy\/wp-json\/wp\/v2\/types\/page"}],"author":[{"embeddable":true,"href":"http:\/\/www.catherine-mainguy.fr\/galerie-cmainguy\/wp-json\/wp\/v2\/users\/1"}],"replies":[{"embeddable":true,"href":"http:\/\/www.catherine-mainguy.fr\/galerie-cmainguy\/wp-json\/wp\/v2\/comments?post=829"}],"version-history":[{"count":12,"href":"http:\/\/www.catherine-mainguy.fr\/galerie-cmainguy\/wp-json\/wp\/v2\/pages\/829\/revisions"}],"predecessor-version":[{"id":859,"href":"http:\/\/www.catherine-mainguy.fr\/galerie-cmainguy\/wp-json\/wp\/v2\/pages\/829\/revisions\/859"}],"wp:attachment":[{"href":"http:\/\/www.catherine-mainguy.fr\/galerie-cmainguy\/wp-json\/wp\/v2\/media?parent=829"}],"curies":[{"name":"wp","href":"https:\/\/api.w.org\/{rel}","templated":true}]}}