{"id":601,"date":"2015-02-14T10:22:13","date_gmt":"2015-02-14T10:22:13","guid":{"rendered":"http:\/\/www.catherine-mainguy.fr\/galerie-cmainguy\/?page_id=601"},"modified":"2015-02-15T21:16:14","modified_gmt":"2015-02-15T21:16:14","slug":"corinne-heraud","status":"publish","type":"page","link":"http:\/\/www.catherine-mainguy.fr\/galerie-cmainguy\/corinne-heraud\/","title":{"rendered":"CORINNE HERAUD"},"content":{"rendered":"<div class=\"wpb-content-wrapper\"><p>[vc_row bg_type=\u00a0\u00bbno_bg\u00a0\u00bb row_parallax_speed=\u00a0\u00bb1&Prime; content_width=\u00a0\u00bbdefault\u00a0\u00bb css=\u00a0\u00bb.vc_custom_1418868503434{margin-top: -150px !important;}\u00a0\u00bb][vc_column width=\u00a0\u00bb1\/3&Prime; css=\u00a0\u00bb.vc_custom_1418866906242{padding-top: 12px !important;}\u00a0\u00bb][vc_column_text]<span style=\"color: #2fc99d;\">Photographe,\u00a0vit et travaille \u00e0 Pizieux (Sarthe)<\/span><\/p>\n<p>Corinne H\u00e9raud est une photographe autodidacte qui m\u00e8ne un travail photographique charg\u00e9 de myst\u00e8res et dont la dimension fantastique ouvre une fen\u00eatre sur l&rsquo;inqui\u00e9tude existentielle.\u2028Profond\u00e9ment inspir\u00e9e par le mouvement pictorialiste, elle met en \u0153uvre des processus permettant de donner un caract\u00e8re unique \u00e0 chacune de ses photographies.[\/vc_column_text][\/vc_column][vc_column width=\u00a0\u00bb1\/3&Prime; css=\u00a0\u00bb.vc_custom_1418866919529{padding-top: 12px !important;}\u00a0\u00bb][vc_column_text]Elle se tourne vers des techniques qui n\u00e9cessitent une intervention manuelle pendant laquelle l\u2019image s\u2019incarne en une mati\u00e8re que la main fa\u00e7onne. Le caract\u00e8re al\u00e9atoire des manipulations rend chaque photographie unique.<\/p>\n<p><span style=\"color: #2fc99d;\"><strong>Vernissage<\/strong><\/span> le Jeudi 7\u00a0janvier\u00a02016 \u00e0 partir de 18h30<\/p>\n<p><span style=\"color: #2fc99d;\"><strong>Exposition<\/strong><\/span> du 7\u00a0janvier au 13\u00a0f\u00e9vrier\u00a02016<\/p>\n<p><span style=\"color: #000000;\"><a style=\"color: #000000;\" href=\"http:\/\/www.corinneheraud.com\">www.corinneheraud.com<\/a><\/span>[\/vc_column_text][\/vc_column][vc_column width=\u00a0\u00bb1\/3&Prime;][vc_column_text]<\/p>\n<p style=\"text-align: center;\">[layerslider id=\u00a0\u00bb10&Prime;]<\/p>\n<p>[\/vc_column_text][\/vc_column][\/vc_row][vc_row][vc_column width=\u00a0\u00bb1\/1&Prime;]<div class=\"my-animation fadeInLeft\"><div class='infobox-1 default'><header><img src='http:\/\/www.catherine-mainguy.fr\/galerie-cmainguy\/wp-content\/uploads\/2015\/02\/le-souvenir-de-ces-\u00e9poques-nues-2-50x40cm.jpg' alt='' class='img-responsive' \/><\/header><\/div><\/div>[\/vc_column][\/vc_row][vc_row][vc_column width=\u00a0\u00bb1\/1&Prime;]<div class=\"my-animation fadeInLeft\"><div class='infobox-1 default'><header><img src='http:\/\/www.catherine-mainguy.fr\/galerie-cmainguy\/wp-content\/uploads\/2015\/02\/AS_regarde-moi_65x50cm.jpg' alt='' class='img-responsive' \/><\/header><\/div><\/div>[\/vc_column][\/vc_row][vc_row][vc_column width=\u00a0\u00bb1\/1&Prime;]<div class=\"my-animation fadeInLeft\"><div class='infobox-1 default'><header><img src='http:\/\/www.catherine-mainguy.fr\/galerie-cmainguy\/wp-content\/uploads\/2015\/02\/AS_le-veilleur_81x65cm.jpg' alt='' class='img-responsive' \/><\/header><\/div><\/div>[\/vc_column][\/vc_row][vc_row][vc_column width=\u00a0\u00bb1\/1&Prime;]<div class=\"my-animation fadeInLeft\"><div class='infobox-1 default'><header><img src='http:\/\/www.catherine-mainguy.fr\/galerie-cmainguy\/wp-content\/uploads\/2015\/02\/AS_le-temps-suspendu_81x65cm.jpg' alt='' class='img-responsive' \/><\/header><\/div><\/div>[\/vc_column][\/vc_row][vc_row][vc_column width=\u00a0\u00bb1\/1&Prime;]<div class=\"my-animation fadeInLeft\"><div class='infobox-1 default'><header><img src='http:\/\/www.catherine-mainguy.fr\/galerie-cmainguy\/wp-content\/uploads\/2015\/02\/AS_le-temps-\u00e0-jamais-perdu_81x65cm.jpg' alt='' class='img-responsive' \/><\/header><\/div><\/div>[\/vc_column][\/vc_row][vc_row][vc_column width=\u00a0\u00bb1\/1&Prime;]<div class=\"my-animation fadeInLeft\"><div class='infobox-1 default'><header><img src='http:\/\/www.catherine-mainguy.fr\/galerie-cmainguy\/wp-content\/uploads\/2015\/02\/AS_la-main-sur-le-coeur_81x65cm.jpg' alt='' class='img-responsive' \/><\/header><\/div><\/div>[\/vc_column][\/vc_row][vc_row][vc_column width=\u00a0\u00bb1\/1&Prime;]<div class=\"my-animation fadeInLeft\"><div class='infobox-1 default'><header><img src='http:\/\/www.catherine-mainguy.fr\/galerie-cmainguy\/wp-content\/uploads\/2015\/02\/AS_l\u00e9veil_81x65cm.jpg' alt='' class='img-responsive' \/><\/header><\/div><\/div>[\/vc_column][\/vc_row][vc_row][vc_column width=\u00a0\u00bb1\/1&Prime;]<div class=\"my-animation fadeInLeft\"><div class='infobox-1 default'><header><img src='http:\/\/www.catherine-mainguy.fr\/galerie-cmainguy\/wp-content\/uploads\/2015\/02\/AS_il-est-de-retour_81x65cm.jpg' alt='' class='img-responsive' \/><\/header><\/div><\/div>[\/vc_column][\/vc_row]<\/p>\n<\/div>","protected":false},"excerpt":{"rendered":"<p>[vc_row bg_type=\u00a0\u00bbno_bg\u00a0\u00bb row_parallax_speed=\u00a0\u00bb1&Prime; content_width=\u00a0\u00bbdefault\u00a0\u00bb css=\u00a0\u00bb.vc_custom_1418868503434{margin-top: -150px !important;}\u00a0\u00bb][vc_column width=\u00a0\u00bb1\/3&Prime; css=\u00a0\u00bb.vc_custom_1418866906242{padding-top: 12px !important;}\u00a0\u00bb][vc_column_text]Photographe,\u00a0vit et travaille \u00e0 Pizieux (Sarthe) Corinne H\u00e9raud est une photographe autodidacte qui m\u00e8ne un travail photographique charg\u00e9 de myst\u00e8res et dont la dimension fantastique ouvre une fen\u00eatre sur l&rsquo;inqui\u00e9tude existentielle.\u2028Profond\u00e9ment inspir\u00e9e par le mouvement pictorialiste, elle met en \u0153uvre [&hellip;]<\/p>\n","protected":false},"author":1,"featured_media":0,"parent":0,"menu_order":0,"comment_status":"open","ping_status":"open","template":"","meta":{"footnotes":""},"class_list":["post-601","page","type-page","status-publish","hentry"],"_links":{"self":[{"href":"http:\/\/www.catherine-mainguy.fr\/galerie-cmainguy\/wp-json\/wp\/v2\/pages\/601"}],"collection":[{"href":"http:\/\/www.catherine-mainguy.fr\/galerie-cmainguy\/wp-json\/wp\/v2\/pages"}],"about":[{"href":"http:\/\/www.catherine-mainguy.fr\/galerie-cmainguy\/wp-json\/wp\/v2\/types\/page"}],"author":[{"embeddable":true,"href":"http:\/\/www.catherine-mainguy.fr\/galerie-cmainguy\/wp-json\/wp\/v2\/users\/1"}],"replies":[{"embeddable":true,"href":"http:\/\/www.catherine-mainguy.fr\/galerie-cmainguy\/wp-json\/wp\/v2\/comments?post=601"}],"version-history":[{"count":9,"href":"http:\/\/www.catherine-mainguy.fr\/galerie-cmainguy\/wp-json\/wp\/v2\/pages\/601\/revisions"}],"predecessor-version":[{"id":662,"href":"http:\/\/www.catherine-mainguy.fr\/galerie-cmainguy\/wp-json\/wp\/v2\/pages\/601\/revisions\/662"}],"wp:attachment":[{"href":"http:\/\/www.catherine-mainguy.fr\/galerie-cmainguy\/wp-json\/wp\/v2\/media?parent=601"}],"curies":[{"name":"wp","href":"https:\/\/api.w.org\/{rel}","templated":true}]}}