{"id":578,"date":"2015-02-14T09:58:17","date_gmt":"2015-02-14T09:58:17","guid":{"rendered":"http:\/\/www.catherine-mainguy.fr\/galerie-cmainguy\/?page_id=578"},"modified":"2015-09-17T23:47:57","modified_gmt":"2015-09-17T23:47:57","slug":"fred-calmets","status":"publish","type":"page","link":"http:\/\/www.catherine-mainguy.fr\/galerie-cmainguy\/fred-calmets\/","title":{"rendered":"FRED CALMETS"},"content":{"rendered":"<div class=\"wpb-content-wrapper\"><p>[vc_row bg_type=\u00a0\u00bbno_bg\u00a0\u00bb row_parallax_speed=\u00a0\u00bb1&Prime; content_width=\u00a0\u00bbdefault\u00a0\u00bb css=\u00a0\u00bb.vc_custom_1418868503434{margin-top: -150px !important;}\u00a0\u00bb][vc_column width=\u00a0\u00bb1\/3&Prime; css=\u00a0\u00bb.vc_custom_1418866906242{padding-top: 12px !important;}\u00a0\u00bb][vc_column_text]<span style=\"color: #2fc99d;\">Peintre, n\u00e9 en 1976, vit et travail \u00e0 Poitiers.<\/span><\/p>\n<p lang=\"en-GB\">Artiste autodidacte, Fred CALMETS a d\u00e9but\u00e9 par le tag et le graffiti, avant de basculer tout doucement vers la Peinture et particuli\u00e8rement le travail en atelier et sur mur (in-situ) en Galerie et Centres d&rsquo;Art contemporain.<br \/>\n\u201c<span lang=\"en-GB\">F\u00e9tichiste \u201cdu mur, et de la rue, <\/span><span lang=\"en-GB\">peindre<\/span><span lang=\"en-GB\"> ne l\u2019emp\u00eache pas de retourner r\u00e8guli\u00e8rement <\/span><span lang=\"en-GB\">sur des murs, dans la rue ( in-city ). Sans en faire pour autant un street artiste&#8230;<br \/>\n<\/span>Profond\u00e9ment humain et en prise avec son temps, Fred Calmets est un artiste aux influences multiples. Il se veut repr\u00e9sentant, t\u00e9moin d\u2019une \u00e9poque, de coutumes particuli\u00e8res li\u00e9es aux blogs et r\u00e9seaux sociaux virtuels contemporains; qu\u2019il d\u00e9forme ou sublime d\u2019un coup de pinceau.<\/p>\n<p>[\/vc_column_text][\/vc_column][vc_column width=\u00a0\u00bb1\/3&Prime; css=\u00a0\u00bb.vc_custom_1418866919529{padding-top: 12px !important;}\u00a0\u00bb][vc_column_text]Sa peinture questionne sur notre soci\u00e9t\u00e9 et ses m\u0153urs, mais aussi sur le rapport entre la vie et la mort. L&rsquo;humain est particuli\u00e8rement au centre de sa d\u00e9marche&#8230;<\/p>\n<p><span style=\"color: #2fc99d;\"><strong>Exposition en \u00a0R\u00e9sonance avec la Biennale de Lyon 2015.<\/strong><\/span><\/p>\n<p><span style=\"color: #2fc99d;\"><strong>Vernissage<\/strong><\/span> le Jeudi 5\u00a0novembre 2015 \u00e0 partir de 18h30<\/p>\n<p><span style=\"color: #2fc99d;\"><strong>Exposition<\/strong><\/span> du 5\u00a0novembre au 12\u00a0d\u00e9cembre\u00a02015<\/p>\n<p><span style=\"color: #000000;\"><a style=\"color: #000000;\" href=\"http:\/\/www.fredcalmets.com\">www.fredcalmets.com<\/a><\/span>[\/vc_column_text][\/vc_column][vc_column width=\u00a0\u00bb1\/3&Prime;][vc_column_text]<\/p>\n<p style=\"text-align: center;\">[layerslider id=\u00a0\u00bb9&Prime;]<\/p>\n<p>[\/vc_column_text][\/vc_column][\/vc_row][vc_row css=\u00a0\u00bb.vc_custom_1423908769910{margin-top: 50px !important;padding-top: 450px !important;padding-bottom: 450px !important;}\u00a0\u00bb bg_type=\u00a0\u00bbimage\u00a0\u00bb row_parallax_speed=\u00a0\u00bb1&Prime; content_width=\u00a0\u00bbdefault\u00a0\u00bb bg_image_new=\u00a0\u00bb591&Prime;][vc_column width=\u00a0\u00bb1\/1&Prime;]<div class=\"my-animation fadeInRight\"><div class='infobox-1 default'><\/div><\/div>[\/vc_column][\/vc_row][vc_row css=\u00a0\u00bb.vc_custom_1423908778212{margin-top: 50px !important;padding-top: 450px !important;padding-bottom: 450px !important;}\u00a0\u00bb bg_type=\u00a0\u00bbimage\u00a0\u00bb row_parallax_speed=\u00a0\u00bb1&Prime; content_width=\u00a0\u00bbdefault\u00a0\u00bb bg_image_new=\u00a0\u00bb592&Prime;][vc_column width=\u00a0\u00bb1\/1&Prime;]<div class=\"my-animation fadeInRight\"><div class='infobox-1 default'><\/div><\/div>[\/vc_column][\/vc_row][vc_row css=\u00a0\u00bb.vc_custom_1423908785805{margin-top: 50px !important;padding-top: 450px !important;padding-bottom: 450px !important;}\u00a0\u00bb bg_type=\u00a0\u00bbimage\u00a0\u00bb row_parallax_speed=\u00a0\u00bb1&Prime; content_width=\u00a0\u00bbdefault\u00a0\u00bb bg_image_new=\u00a0\u00bb593&Prime;][vc_column width=\u00a0\u00bb1\/1&Prime;]<div class=\"my-animation fadeInRight\"><div class='infobox-1 default'><\/div><\/div>[\/vc_column][\/vc_row][vc_row css=\u00a0\u00bb.vc_custom_1423908792614{margin-top: 50px !important;padding-top: 450px !important;padding-bottom: 450px !important;}\u00a0\u00bb bg_type=\u00a0\u00bbimage\u00a0\u00bb row_parallax_speed=\u00a0\u00bb1&Prime; content_width=\u00a0\u00bbdefault\u00a0\u00bb bg_image_new=\u00a0\u00bb594&Prime;][vc_column width=\u00a0\u00bb1\/1&Prime;]<div class=\"my-animation fadeInRight\"><div class='infobox-1 default'><\/div><\/div>[\/vc_column][\/vc_row]<\/p>\n<\/div>","protected":false},"excerpt":{"rendered":"<p>[vc_row bg_type=\u00a0\u00bbno_bg\u00a0\u00bb row_parallax_speed=\u00a0\u00bb1&Prime; content_width=\u00a0\u00bbdefault\u00a0\u00bb css=\u00a0\u00bb.vc_custom_1418868503434{margin-top: -150px !important;}\u00a0\u00bb][vc_column width=\u00a0\u00bb1\/3&Prime; css=\u00a0\u00bb.vc_custom_1418866906242{padding-top: 12px !important;}\u00a0\u00bb][vc_column_text]Peintre, n\u00e9 en 1976, vit et travail \u00e0 Poitiers. Artiste autodidacte, Fred CALMETS a d\u00e9but\u00e9 par le tag et le graffiti, avant de basculer tout doucement vers la Peinture et particuli\u00e8rement le travail en atelier et sur mur (in-situ) en [&hellip;]<\/p>\n","protected":false},"author":1,"featured_media":0,"parent":0,"menu_order":0,"comment_status":"open","ping_status":"open","template":"","meta":{"footnotes":""},"class_list":["post-578","page","type-page","status-publish","hentry"],"_links":{"self":[{"href":"http:\/\/www.catherine-mainguy.fr\/galerie-cmainguy\/wp-json\/wp\/v2\/pages\/578"}],"collection":[{"href":"http:\/\/www.catherine-mainguy.fr\/galerie-cmainguy\/wp-json\/wp\/v2\/pages"}],"about":[{"href":"http:\/\/www.catherine-mainguy.fr\/galerie-cmainguy\/wp-json\/wp\/v2\/types\/page"}],"author":[{"embeddable":true,"href":"http:\/\/www.catherine-mainguy.fr\/galerie-cmainguy\/wp-json\/wp\/v2\/users\/1"}],"replies":[{"embeddable":true,"href":"http:\/\/www.catherine-mainguy.fr\/galerie-cmainguy\/wp-json\/wp\/v2\/comments?post=578"}],"version-history":[{"count":10,"href":"http:\/\/www.catherine-mainguy.fr\/galerie-cmainguy\/wp-json\/wp\/v2\/pages\/578\/revisions"}],"predecessor-version":[{"id":690,"href":"http:\/\/www.catherine-mainguy.fr\/galerie-cmainguy\/wp-json\/wp\/v2\/pages\/578\/revisions\/690"}],"wp:attachment":[{"href":"http:\/\/www.catherine-mainguy.fr\/galerie-cmainguy\/wp-json\/wp\/v2\/media?parent=578"}],"curies":[{"name":"wp","href":"https:\/\/api.w.org\/{rel}","templated":true}]}}