{"id":564,"date":"2015-02-13T22:53:32","date_gmt":"2015-02-13T22:53:32","guid":{"rendered":"http:\/\/www.catherine-mainguy.fr\/galerie-cmainguy\/?page_id=564"},"modified":"2015-02-14T18:30:58","modified_gmt":"2015-02-14T18:30:58","slug":"flo-eymann","status":"publish","type":"page","link":"http:\/\/www.catherine-mainguy.fr\/galerie-cmainguy\/flo-eymann\/","title":{"rendered":"FLO EYMANN"},"content":{"rendered":"<div class=\"wpb-content-wrapper\"><p>[vc_row bg_type=\u00a0\u00bbno_bg\u00a0\u00bb row_parallax_speed=\u00a0\u00bb1&Prime; content_width=\u00a0\u00bbdefault\u00a0\u00bb css=\u00a0\u00bb.vc_custom_1418868503434{margin-top: -150px !important;}\u00a0\u00bb][vc_column width=\u00a0\u00bb1\/3&Prime; css=\u00a0\u00bb.vc_custom_1418866906242{padding-top: 12px !important;}\u00a0\u00bb][vc_column_text]<span style=\"color: #2fc99d;\">Peintre, vit et travaille pr\u00e8s d&rsquo;Orl\u00e9ans.<\/span><\/p>\n<p>Flo Eymann est un artiste autodidacte, qui n\u2019aime pas suivre les codes.<br \/>\n\u00ab\u00a0Les \u0153uvres de Flo Eymann remuent. D\u00e9stabilisent. M\u00eame les regards aguerris.<br \/>\nAinsi, toute expression humaine se trouve transfigur\u00e9e, comme si la captation r\u00e9tinienne de Flo Eymann fonctionnait en miroir d\u00e9formant ; le geste fr\u00e9n\u00e9tique, en prolongement de la perception, transgresse les crit\u00e8res de la beaut\u00e9, alt\u00e8re en profondeur la r\u00e9alit\u00e9 des chairs.[\/vc_column_text][\/vc_column][vc_column width=\u00a0\u00bb1\/3&Prime; css=\u00a0\u00bb.vc_custom_1418866919529{padding-top: 12px !important;}\u00a0\u00bb][vc_column_text]Non, le Beau canonique ne peut plus \u00eatre : il s\u2019agit de d\u00e9construire ses st\u00e9r\u00e9otypes, pour en proposer une interpr\u00e9tation provocante, insolente.\u00a0\u00bb<br \/>\nExtrait de \u00ab\u00a0Flo Eymann, l\u2019art de la transgression\u00a0\u00bb, texte de J-H Maisonneuve, \u00ab\u00a0Brigade contemporaine\u00a0\u00bb.<\/p>\n<p><span style=\"color: #2fc99d;\"><strong><br \/>\nVernissage<\/strong><\/span> le Jeudi 7 avril\u00a02016\u00a0\u00e0 partir de 18h30<\/p>\n<p><span style=\"color: #2fc99d;\"><strong>Exposition<\/strong><\/span> du 7\u00a0avril au 21\u00a0mai 2016<\/p>\n<p><span style=\"color: #000000;\"><a style=\"color: #000000;\" href=\"http:\/\/www.florianeymann.com\">www.florianeymann.com<\/a><\/span>[\/vc_column_text][\/vc_column][vc_column width=\u00a0\u00bb1\/3&Prime;][vc_column_text]<\/p>\n<p style=\"text-align: center;\">[layerslider id=\u00a0\u00bb8&Prime;]<\/p>\n<p>[\/vc_column_text][\/vc_column][\/vc_row][vc_row css=\u00a0\u00bb.vc_custom_1423866945621{margin-top: 50px !important;}\u00a0\u00bb bg_type=\u00a0\u00bbimage\u00a0\u00bb row_parallax_speed=\u00a0\u00bb1&Prime; content_width=\u00a0\u00bbdefault\u00a0\u00bb][vc_column width=\u00a0\u00bb1\/1&Prime;]<div class=\"my-animation fadeInRight\"><div class='infobox-1 default'><header><img src='http:\/\/www.catherine-mainguy.fr\/galerie-cmainguy\/wp-content\/uploads\/2015\/02\/ainos-huile-sur-toile-20x20.jpg' alt='' class='img-responsive' \/><\/header><h5 >Huile Sur Toile, Ainos, 20x20cm<\/h5><\/div><\/div>[\/vc_column][\/vc_row]<\/p>\n<\/div>","protected":false},"excerpt":{"rendered":"<p>[vc_row bg_type=\u00a0\u00bbno_bg\u00a0\u00bb row_parallax_speed=\u00a0\u00bb1&Prime; content_width=\u00a0\u00bbdefault\u00a0\u00bb css=\u00a0\u00bb.vc_custom_1418868503434{margin-top: -150px !important;}\u00a0\u00bb][vc_column width=\u00a0\u00bb1\/3&Prime; css=\u00a0\u00bb.vc_custom_1418866906242{padding-top: 12px !important;}\u00a0\u00bb][vc_column_text]Peintre, vit et travaille pr\u00e8s d&rsquo;Orl\u00e9ans. Flo Eymann est un artiste autodidacte, qui n\u2019aime pas suivre les codes. \u00ab\u00a0Les \u0153uvres de Flo Eymann remuent. D\u00e9stabilisent. M\u00eame les regards aguerris. Ainsi, toute expression humaine se trouve transfigur\u00e9e, comme si la captation [&hellip;]<\/p>\n","protected":false},"author":1,"featured_media":0,"parent":0,"menu_order":0,"comment_status":"open","ping_status":"open","template":"","meta":{"footnotes":""},"class_list":["post-564","page","type-page","status-publish","hentry"],"_links":{"self":[{"href":"http:\/\/www.catherine-mainguy.fr\/galerie-cmainguy\/wp-json\/wp\/v2\/pages\/564"}],"collection":[{"href":"http:\/\/www.catherine-mainguy.fr\/galerie-cmainguy\/wp-json\/wp\/v2\/pages"}],"about":[{"href":"http:\/\/www.catherine-mainguy.fr\/galerie-cmainguy\/wp-json\/wp\/v2\/types\/page"}],"author":[{"embeddable":true,"href":"http:\/\/www.catherine-mainguy.fr\/galerie-cmainguy\/wp-json\/wp\/v2\/users\/1"}],"replies":[{"embeddable":true,"href":"http:\/\/www.catherine-mainguy.fr\/galerie-cmainguy\/wp-json\/wp\/v2\/comments?post=564"}],"version-history":[{"count":6,"href":"http:\/\/www.catherine-mainguy.fr\/galerie-cmainguy\/wp-json\/wp\/v2\/pages\/564\/revisions"}],"predecessor-version":[{"id":566,"href":"http:\/\/www.catherine-mainguy.fr\/galerie-cmainguy\/wp-json\/wp\/v2\/pages\/564\/revisions\/566"}],"wp:attachment":[{"href":"http:\/\/www.catherine-mainguy.fr\/galerie-cmainguy\/wp-json\/wp\/v2\/media?parent=564"}],"curies":[{"name":"wp","href":"https:\/\/api.w.org\/{rel}","templated":true}]}}