{"id":491,"date":"2014-12-21T00:01:15","date_gmt":"2014-12-21T00:01:15","guid":{"rendered":"http:\/\/www.catherine-mainguy.fr\/galerie-cmainguy\/?page_id=491"},"modified":"2014-12-24T13:28:02","modified_gmt":"2014-12-24T13:28:02","slug":"nicolas-favre","status":"publish","type":"page","link":"http:\/\/www.catherine-mainguy.fr\/galerie-cmainguy\/nicolas-favre\/","title":{"rendered":"NICOLAS FAVRE"},"content":{"rendered":"<div class=\"wpb-content-wrapper\"><p>[vc_row bg_type=\u00a0\u00bbno_bg\u00a0\u00bb row_parallax_speed=\u00a0\u00bb1&Prime; content_width=\u00a0\u00bbdefault\u00a0\u00bb css=\u00a0\u00bb.vc_custom_1418868503434{margin-top: -150px !important;}\u00a0\u00bb][vc_column width=\u00a0\u00bb1\/3&Prime; css=\u00a0\u00bb.vc_custom_1418866906242{padding-top: 12px !important;}\u00a0\u00bb][vc_column_text]<span style=\"color: #2fc99d;\">Artiste peintre, vit et travaille \u00e0 Sainte-Savine pr\u00e8s de Troyes.<\/span><\/p>\n<p>Nicolas Favre peint l&rsquo;intime en l&rsquo;homme, les \u00e9motions, les sentiments qui nous fa\u00e7onnent et nous d\u00e9finissent, bien au del\u00e0 de notre propre image. Cette sorte d&rsquo;identit\u00e9 invisible se mat\u00e9rialise sur la toile, en des portraits figurant tout sauf la repr\u00e9sentation d&rsquo;un visage traditionnel, mais cherchant \u00e0 dire l&rsquo;impalpable que nous sommes, la vie qui sourd en nous, l&rsquo;\u00e9nergie qui nous meut, et nous \u00e9meut.[\/vc_column_text][\/vc_column][vc_column width=\u00a0\u00bb1\/3&Prime; css=\u00a0\u00bb.vc_custom_1418866919529{padding-top: 12px !important;}\u00a0\u00bb][vc_column_text]<span style=\"color: #2fc99d;\"><strong>Vernissage<\/strong><\/span> le Jeudi 8\u00a0janvier 2015 \u00e0 partir de 18h30<\/p>\n<p><span style=\"color: #2fc99d;\"><strong>Exposition<\/strong><\/span> du 8\u00a0janvier au 28\u00a0f\u00e9vrier 2015<\/p>\n<p><a href=\"http:\/\/www.nicolasfavre.com\" target=\"_blank\"><span style=\"background: #FFFFFF;\">www.nicolasfavre.com<\/span><\/a>[\/vc_column_text][\/vc_column][vc_column width=\u00a0\u00bb1\/3&Prime;][vc_column_text]<\/p>\n<p style=\"text-align: center;\">[layerslider id=\u00a0\u00bb6&Prime;]<\/p>\n<p>[\/vc_column_text][\/vc_column][\/vc_row][vc_row css=\u00a0\u00bb.vc_custom_1419117891772{margin-top: 50px !important;padding-top: 0px !important;padding-bottom: 100px !important;}\u00a0\u00bb bg_type=\u00a0\u00bbimage\u00a0\u00bb row_parallax_speed=\u00a0\u00bb1&Prime; content_width=\u00a0\u00bbdefault\u00a0\u00bb][vc_column width=\u00a0\u00bb1\/2&Prime;][vc_video link=\u00a0\u00bbhttps:\/\/www.youtube.com\/watch?v=fz08Jr0jc1g\u00a0\u00bb][\/vc_column][vc_column width=\u00a0\u00bb1\/2&Prime;][vc_video link=\u00a0\u00bbhttps:\/\/www.youtube.com\/watch?v=0ZYOEr3y6ds\u00a0\u00bb][\/vc_column][\/vc_row][vc_row css=\u00a0\u00bb.vc_custom_1419117891772{margin-top: 50px !important;padding-top: 0px !important;padding-bottom: 100px !important;}\u00a0\u00bb bg_type=\u00a0\u00bbimage\u00a0\u00bb row_parallax_speed=\u00a0\u00bb1&Prime; content_width=\u00a0\u00bbdefault\u00a0\u00bb][vc_column width=\u00a0\u00bb1\/2&Prime;][vc_video link=\u00a0\u00bbhttps:\/\/www.youtube.com\/watch?v=xzxUXqp_lZg\u00a0\u00bb][\/vc_column][vc_column width=\u00a0\u00bb1\/2&Prime;][vc_video link=\u00a0\u00bbhttps:\/\/www.youtube.com\/watch?v=LlYb32zMLfU\u00a0\u00bb][\/vc_column][\/vc_row][vc_row css=\u00a0\u00bb.vc_custom_1419121516555{margin-top: 50px !important;padding-top: 500px !important;padding-bottom: 500px !important;}\u00a0\u00bb bg_type=\u00a0\u00bbimage\u00a0\u00bb bg_image_new=\u00a0\u00bb501&Prime; row_parallax_speed=\u00a0\u00bb1&Prime; content_width=\u00a0\u00bbdefault\u00a0\u00bb][vc_column width=\u00a0\u00bb1\/1&Prime;]<div class=\"my-animation none\"><div class='infobox-1 default'><\/div><\/div>[\/vc_column][\/vc_row]<\/p>\n<\/div>","protected":false},"excerpt":{"rendered":"<p>[vc_row bg_type=\u00a0\u00bbno_bg\u00a0\u00bb row_parallax_speed=\u00a0\u00bb1&Prime; content_width=\u00a0\u00bbdefault\u00a0\u00bb css=\u00a0\u00bb.vc_custom_1418868503434{margin-top: -150px !important;}\u00a0\u00bb][vc_column width=\u00a0\u00bb1\/3&Prime; css=\u00a0\u00bb.vc_custom_1418866906242{padding-top: 12px !important;}\u00a0\u00bb][vc_column_text]Artiste peintre, vit et travaille \u00e0 Sainte-Savine pr\u00e8s de Troyes. Nicolas Favre peint l&rsquo;intime en l&rsquo;homme, les \u00e9motions, les sentiments qui nous fa\u00e7onnent et nous d\u00e9finissent, bien au del\u00e0 de notre propre image. Cette sorte d&rsquo;identit\u00e9 invisible se mat\u00e9rialise sur [&hellip;]<\/p>\n","protected":false},"author":1,"featured_media":0,"parent":0,"menu_order":0,"comment_status":"open","ping_status":"open","template":"","meta":{"footnotes":""},"class_list":["post-491","page","type-page","status-publish","hentry"],"_links":{"self":[{"href":"http:\/\/www.catherine-mainguy.fr\/galerie-cmainguy\/wp-json\/wp\/v2\/pages\/491"}],"collection":[{"href":"http:\/\/www.catherine-mainguy.fr\/galerie-cmainguy\/wp-json\/wp\/v2\/pages"}],"about":[{"href":"http:\/\/www.catherine-mainguy.fr\/galerie-cmainguy\/wp-json\/wp\/v2\/types\/page"}],"author":[{"embeddable":true,"href":"http:\/\/www.catherine-mainguy.fr\/galerie-cmainguy\/wp-json\/wp\/v2\/users\/1"}],"replies":[{"embeddable":true,"href":"http:\/\/www.catherine-mainguy.fr\/galerie-cmainguy\/wp-json\/wp\/v2\/comments?post=491"}],"version-history":[{"count":6,"href":"http:\/\/www.catherine-mainguy.fr\/galerie-cmainguy\/wp-json\/wp\/v2\/pages\/491\/revisions"}],"predecessor-version":[{"id":497,"href":"http:\/\/www.catherine-mainguy.fr\/galerie-cmainguy\/wp-json\/wp\/v2\/pages\/491\/revisions\/497"}],"wp:attachment":[{"href":"http:\/\/www.catherine-mainguy.fr\/galerie-cmainguy\/wp-json\/wp\/v2\/media?parent=491"}],"curies":[{"name":"wp","href":"https:\/\/api.w.org\/{rel}","templated":true}]}}