{"id":470,"date":"2014-12-20T23:03:16","date_gmt":"2014-12-20T23:03:16","guid":{"rendered":"http:\/\/www.catherine-mainguy.fr\/galerie-cmainguy\/?page_id=470"},"modified":"2015-05-24T20:17:36","modified_gmt":"2015-05-24T20:17:36","slug":"eric-lacombe","status":"publish","type":"page","link":"http:\/\/www.catherine-mainguy.fr\/galerie-cmainguy\/eric-lacombe\/","title":{"rendered":"ERIC LACOMBE"},"content":{"rendered":"<div class=\"wpb-content-wrapper\"><p>[vc_row bg_type=\u00a0\u00bbno_bg\u00a0\u00bb row_parallax_speed=\u00a0\u00bb1&Prime; content_width=\u00a0\u00bbdefault\u00a0\u00bb css=\u00a0\u00bb.vc_custom_1418868503434{margin-top: -150px !important;}\u00a0\u00bb][vc_column width=\u00a0\u00bb1\/3&Prime; css=\u00a0\u00bb.vc_custom_1418866906242{padding-top: 12px !important;}\u00a0\u00bb][vc_column_text]<span style=\"color: #2fc99d;\">Peintre, graphiste, plasticien, vit et travaille \u00e0 Lyon.<\/span><\/p>\n<p>Eric Lacombe est un artiste autodidacte au centre d&rsquo;un univers entre fantasmagorie et thaumaturgie. Depuis une vingtaine d&rsquo;ann\u00e9es, en proie \u00e0 la m\u00e9lancolie, Eric forge intimement, son univers dans son atelier.[\/vc_column_text][\/vc_column][vc_column width=\u00a0\u00bb1\/3&Prime; css=\u00a0\u00bb.vc_custom_1418866919529{padding-top: 12px !important;}\u00a0\u00bb][vc_column_text]<span style=\"color: #2fc99d;\"><strong>Vernissage<\/strong><\/span> le Jeudi\u00a02\u00a0avril 2015 \u00e0 partir de 18h30<\/p>\n<p><span style=\"color: #2fc99d;\"><strong>Exposition<\/strong><\/span> du 2\u00a0avril au 30\u00a0mai 2015<\/p>\n<p><a href=\"http:\/\/www.ericlacombe.com\" target=\"_blank\"><span style=\"background: #FFFFFF;\">www.ericlacombe.com<\/span><\/a>[\/vc_column_text][\/vc_column][vc_column width=\u00a0\u00bb1\/3&Prime;][vc_column_text]<\/p>\n<p style=\"text-align: center;\">[layerslider id=\u00a0\u00bb2&Prime;]<\/p>\n<p>[\/vc_column_text][\/vc_column][\/vc_row][vc_row css=\u00a0\u00bb.vc_custom_1419117891772{margin-top: 50px !important;padding-top: 0px !important;padding-bottom: 100px !important;}\u00a0\u00bb bg_type=\u00a0\u00bbimage\u00a0\u00bb row_parallax_speed=\u00a0\u00bb1&Prime; content_width=\u00a0\u00bbdefault\u00a0\u00bb][vc_column width=\u00a0\u00bb1\/2&Prime;][vc_video link=\u00a0\u00bbhttps:\/\/www.youtube.com\/watch?v=s6S-z5EfuPU\u00a0\u00bb][\/vc_column][vc_column width=\u00a0\u00bb1\/2&Prime;][vc_video link=\u00a0\u00bbhttps:\/\/www.youtube.com\/watch?v=-s639G0uV5I\u00a0\u00bb][\/vc_column][\/vc_row][vc_row css=\u00a0\u00bb.vc_custom_1419117103606{margin-top: 50px !important;padding-top: 500px !important;padding-bottom: 500px !important;}\u00a0\u00bb bg_type=\u00a0\u00bbimage\u00a0\u00bb bg_image_new=\u00a0\u00bb475&Prime; row_parallax_speed=\u00a0\u00bb1&Prime; content_width=\u00a0\u00bbdefault\u00a0\u00bb][vc_column width=\u00a0\u00bb1\/1&Prime;]<div class=\"my-animation none\"><div class='infobox-1 default'><\/div><\/div>[\/vc_column][\/vc_row]<\/p>\n<\/div>","protected":false},"excerpt":{"rendered":"<p>[vc_row bg_type=\u00a0\u00bbno_bg\u00a0\u00bb row_parallax_speed=\u00a0\u00bb1&Prime; content_width=\u00a0\u00bbdefault\u00a0\u00bb css=\u00a0\u00bb.vc_custom_1418868503434{margin-top: -150px !important;}\u00a0\u00bb][vc_column width=\u00a0\u00bb1\/3&Prime; css=\u00a0\u00bb.vc_custom_1418866906242{padding-top: 12px !important;}\u00a0\u00bb][vc_column_text]Peintre, graphiste, plasticien, vit et travaille \u00e0 Lyon. Eric Lacombe est un artiste autodidacte au centre d&rsquo;un univers entre fantasmagorie et thaumaturgie. Depuis une vingtaine d&rsquo;ann\u00e9es, en proie \u00e0 la m\u00e9lancolie, Eric forge intimement, son univers dans son atelier.[\/vc_column_text][\/vc_column][vc_column width=\u00a0\u00bb1\/3&Prime; [&hellip;]<\/p>\n","protected":false},"author":1,"featured_media":0,"parent":0,"menu_order":0,"comment_status":"open","ping_status":"open","template":"","meta":{"footnotes":""},"class_list":["post-470","page","type-page","status-publish","hentry"],"_links":{"self":[{"href":"http:\/\/www.catherine-mainguy.fr\/galerie-cmainguy\/wp-json\/wp\/v2\/pages\/470"}],"collection":[{"href":"http:\/\/www.catherine-mainguy.fr\/galerie-cmainguy\/wp-json\/wp\/v2\/pages"}],"about":[{"href":"http:\/\/www.catherine-mainguy.fr\/galerie-cmainguy\/wp-json\/wp\/v2\/types\/page"}],"author":[{"embeddable":true,"href":"http:\/\/www.catherine-mainguy.fr\/galerie-cmainguy\/wp-json\/wp\/v2\/users\/1"}],"replies":[{"embeddable":true,"href":"http:\/\/www.catherine-mainguy.fr\/galerie-cmainguy\/wp-json\/wp\/v2\/comments?post=470"}],"version-history":[{"count":8,"href":"http:\/\/www.catherine-mainguy.fr\/galerie-cmainguy\/wp-json\/wp\/v2\/pages\/470\/revisions"}],"predecessor-version":[{"id":478,"href":"http:\/\/www.catherine-mainguy.fr\/galerie-cmainguy\/wp-json\/wp\/v2\/pages\/470\/revisions\/478"}],"wp:attachment":[{"href":"http:\/\/www.catherine-mainguy.fr\/galerie-cmainguy\/wp-json\/wp\/v2\/media?parent=470"}],"curies":[{"name":"wp","href":"https:\/\/api.w.org\/{rel}","templated":true}]}}