{"id":1695,"date":"2025-04-22T14:58:19","date_gmt":"2025-04-22T14:58:19","guid":{"rendered":"https:\/\/www.catherine-mainguy.fr\/galerie-cmainguy\/?page_id=1695"},"modified":"2025-04-23T12:07:15","modified_gmt":"2025-04-23T12:07:15","slug":"instants-suspendus","status":"publish","type":"page","link":"http:\/\/www.catherine-mainguy.fr\/galerie-cmainguy\/instants-suspendus\/","title":{"rendered":"Instants Suspendus"},"content":{"rendered":"<div class=\"wpb-content-wrapper\"><p>[vc_row css=\u00a0\u00bb.vc_custom_1418868503434{margin-top: -150px !important;}\u00a0\u00bb][vc_column width=\u00a0\u00bb2\/3&Prime; css=\u00a0\u00bb.vc_custom_1418866906242{padding-top: 12px !important;}\u00a0\u00bb][vc_column_text css=\u00a0\u00bb\u00a0\u00bb]<strong><span style=\"color: #2fc99d;\">Instants Suspendus<br \/>\n<\/span><\/strong><\/p>\n<div class=\"page\" title=\"Page 2\">\n<div class=\"layoutArea\">\n<div class=\"column\">\n<p class=\"p1\">Cette exposition en duo de Mireille Cornillon et Lionel Stocard est un \u00e9loge \u00e0 la peinture. De leurs oeuvres jaillissent des souvenirs inconscients, hors du temps. Leurs paysages oniriques sont des voyages int\u00e9rieurs, des instants suspendus. Le traitement des bleus, qu\u2019ils soient ciel ou eau, capte avec singularit\u00e9, des moments ind\u00e9finis, dans lesquels la lumi\u00e8re est omnipr\u00e9sente.<\/p>\n<\/div>\n<\/div>\n<\/div>\n<p class=\"p1\"><span style=\"color: #2fc99d;\"><strong>Artistes :<br \/>\n<\/strong><\/span>Mireille Cornillon &#8211; Lionel Stocard<\/p>\n<p>[\/vc_column_text][\/vc_column][vc_column width=\u00a0\u00bb1\/3&Prime; css=\u00a0\u00bb.vc_custom_1418866919529{padding-top: 12px !important;}\u00a0\u00bb][vc_column_text css=\u00a0\u00bb\u00a0\u00bb]<span style=\"color: #2fc99d;\"><strong>Exposition :<br \/>\n<\/strong><\/span>du Jeudi 15 Mai au Jeudi 26 Juin 2025<\/p>\n<p><span style=\"color: #2fc99d;\"><strong>Vernissage :<br \/>\n<\/strong><\/span>le Jeudi 15 Mai 2025 a\u0300 partir de 18h.<\/p>\n<p><span style=\"color: #2fc99d;\"><strong>D\u00e9crochage\u00a0:<\/strong><\/span><br \/>\nle Jeudi Jeudi 26 Juin 2025 a\u0300 partir de 18h<\/p>\n<div class=\"page\" title=\"Page 2\">\n<div class=\"layoutArea\">\n<div class=\"column\">\n<p>&nbsp;<\/p>\n<\/div>\n<\/div>\n<\/div>\n<p>[\/vc_column_text][\/vc_column][\/vc_row][vc_row][vc_column width=\u00a0\u00bb1\/2&Prime;][vc_single_image image=\u00a0\u00bb1699&Prime; img_size=\u00a0\u00bbfull\u00a0\u00bb add_caption=\u00a0\u00bbyes\u00a0\u00bb css=\u00a0\u00bb\u00a0\u00bb title=\u00a0\u00bbMireille Cornillon\u00a0\u00bb][vc_single_image image=\u00a0\u00bb1698&Prime; img_size=\u00a0\u00bbfull\u00a0\u00bb add_caption=\u00a0\u00bbyes\u00a0\u00bb css=\u00a0\u00bb\u00a0\u00bb][\/vc_column][vc_column width=\u00a0\u00bb1\/2&Prime;][vc_single_image image=\u00a0\u00bb1697&Prime; img_size=\u00a0\u00bbfull\u00a0\u00bb add_caption=\u00a0\u00bbyes\u00a0\u00bb css=\u00a0\u00bb\u00a0\u00bb title=\u00a0\u00bbLionel Stocard\u00a0\u00bb][vc_single_image image=\u00a0\u00bb1696&Prime; img_size=\u00a0\u00bbfull\u00a0\u00bb add_caption=\u00a0\u00bbyes\u00a0\u00bb css=\u00a0\u00bb\u00a0\u00bb][\/vc_column][\/vc_row]<\/p>\n<\/div>","protected":false},"excerpt":{"rendered":"<p>[vc_row css=\u00a0\u00bb.vc_custom_1418868503434{margin-top: -150px !important;}\u00a0\u00bb][vc_column width=\u00a0\u00bb2\/3&Prime; css=\u00a0\u00bb.vc_custom_1418866906242{padding-top: 12px !important;}\u00a0\u00bb][vc_column_text css=\u00a0\u00bb\u00a0\u00bb]Instants Suspendus Cette exposition en duo de Mireille Cornillon et Lionel Stocard est un \u00e9loge \u00e0 la peinture. De leurs oeuvres jaillissent des souvenirs inconscients, hors du temps. Leurs paysages oniriques sont des voyages int\u00e9rieurs, des instants suspendus. Le traitement des bleus, [&hellip;]<\/p>\n","protected":false},"author":1,"featured_media":0,"parent":0,"menu_order":0,"comment_status":"open","ping_status":"open","template":"","meta":{"footnotes":""},"class_list":["post-1695","page","type-page","status-publish","hentry"],"_links":{"self":[{"href":"http:\/\/www.catherine-mainguy.fr\/galerie-cmainguy\/wp-json\/wp\/v2\/pages\/1695"}],"collection":[{"href":"http:\/\/www.catherine-mainguy.fr\/galerie-cmainguy\/wp-json\/wp\/v2\/pages"}],"about":[{"href":"http:\/\/www.catherine-mainguy.fr\/galerie-cmainguy\/wp-json\/wp\/v2\/types\/page"}],"author":[{"embeddable":true,"href":"http:\/\/www.catherine-mainguy.fr\/galerie-cmainguy\/wp-json\/wp\/v2\/users\/1"}],"replies":[{"embeddable":true,"href":"http:\/\/www.catherine-mainguy.fr\/galerie-cmainguy\/wp-json\/wp\/v2\/comments?post=1695"}],"version-history":[{"count":4,"href":"http:\/\/www.catherine-mainguy.fr\/galerie-cmainguy\/wp-json\/wp\/v2\/pages\/1695\/revisions"}],"predecessor-version":[{"id":1706,"href":"http:\/\/www.catherine-mainguy.fr\/galerie-cmainguy\/wp-json\/wp\/v2\/pages\/1695\/revisions\/1706"}],"wp:attachment":[{"href":"http:\/\/www.catherine-mainguy.fr\/galerie-cmainguy\/wp-json\/wp\/v2\/media?parent=1695"}],"curies":[{"name":"wp","href":"https:\/\/api.w.org\/{rel}","templated":true}]}}