{"id":1556,"date":"2024-02-18T23:51:50","date_gmt":"2024-02-18T23:51:50","guid":{"rendered":"http:\/\/www.catherine-mainguy.fr\/galerie-cmainguy\/?page_id=1556"},"modified":"2024-02-18T23:51:50","modified_gmt":"2024-02-18T23:51:50","slug":"sublimations","status":"publish","type":"page","link":"http:\/\/www.catherine-mainguy.fr\/galerie-cmainguy\/sublimations\/","title":{"rendered":"Sublimations"},"content":{"rendered":"<div class=\"wpb-content-wrapper\"><p>[vc_row bg_type=\u00a0\u00bbno_bg\u00a0\u00bb row_parallax_speed=\u00a0\u00bb1&Prime; content_width=\u00a0\u00bbdefault\u00a0\u00bb css=\u00a0\u00bb.vc_custom_1418868503434{margin-top: -150px !important;}\u00a0\u00bb][vc_column width=\u00a0\u00bb2\/3&Prime; css=\u00a0\u00bb.vc_custom_1418866906242{padding-top: 12px !important;}\u00a0\u00bb][vc_column_text]<strong><span style=\"color: #2fc99d;\">Sublimations<br \/>\n<\/span><\/strong><\/p>\n<p class=\"Pardfaut\" style=\"margin-top: 0cm;\"><span class=\"Aucun\">Dryades<br \/>\n<i>Nymphes protectrices des arbres et des for\u00eats<\/i><\/span><\/p>\n<p class=\"Pardfaut\" style=\"margin-top: 0cm;\"><span class=\"Aucun\">\u00a0<\/span>A l&rsquo;heure o\u00f9 nos \u00e9cosyst\u00e8mes sont en danger, je cr\u00e9e des sanctuaires imaginaires que mes Dryades prot\u00e8gent en secret. Je retourne au c\u0153ur des sylves magiques de notre enfance, au pied des arbres porteurs de toute la sagesse du vivant et je leur offre l&rsquo;assistance de ces divinit\u00e9s sensibles.<br \/>\nLe danger r\u00f4de, la lueur des brasiers est proche mais les refuges sacr\u00e9s font obstacle \u00e0 la folie destructrice.<br \/>\nLes Dryades et leur immense puissance spirituelle veillent&#8230;<\/p>\n<p class=\"p1\"><span style=\"color: #2fc99d;\"><strong>Artiste :<br \/>\n<\/strong><\/span>Corinne H\u00e9raud<\/p>\n<p>[\/vc_column_text][\/vc_column][vc_column width=\u00a0\u00bb1\/3&Prime; css=\u00a0\u00bb.vc_custom_1418866919529{padding-top: 12px !important;}\u00a0\u00bb][vc_column_text]<span style=\"color: #2fc99d;\"><strong>Exposition :<br \/>\n<\/strong><\/span>du\u00a0Jeudi 7 Mars au Jeudi 11 Avril 2024<\/p>\n<p><span style=\"color: #2fc99d;\"><strong>Vernissage\u00a0:<\/strong><\/span><br \/>\nle jeudi 7 Mars \u00e0 partir de 18h30<\/p>\n<p><span style=\"color: #2fc99d;\"><strong>\u00c9v\u00e9nement\u00a0:<\/strong><\/span><br \/>\nle jeudi 4 Avril , cinq galeries des pentes de la Croix-Rousse vous proposent une soir\u00e9e \u00e9v\u00e9nementielle de parcours d\u2019expositions entre 17h et 22h<\/p>\n<p><span style=\"color: #2fc99d;\"><strong>D\u00e9crochage\u00a0:<\/strong><\/span><br \/>\nle jeudi 11 Avril \u00e0 partir de 18h30[\/vc_column_text][\/vc_column][\/vc_row][vc_row bg_type=\u00a0\u00bbno_bg\u00a0\u00bb row_parallax_speed=\u00a0\u00bb1&Prime; content_width=\u00a0\u00bbdefault\u00a0\u00bb][vc_column width=\u00a0\u00bb1\/2&Prime;]<div class=\"my-animation fadeInRight\"><div class='infobox-1 default'><header><img src='http:\/\/www.catherine-mainguy.fr\/galerie-cmainguy\/wp-content\/uploads\/2024\/02\/2023_corinne-heraud_dryade2_50x50x3cm_150.jpg' alt='' class='img-responsive' \/><\/header><h5 >CORRINE H\u00c9RAUD<\/h5><\/div><\/div>[\/vc_column][vc_column width=\u00a0\u00bb1\/2&Prime;]<div class=\"my-animation fadeInLeft\"><div class='infobox-1 default'><header><img src='http:\/\/www.catherine-mainguy.fr\/galerie-cmainguy\/wp-content\/uploads\/2024\/02\/2023_corinne-heraud_dryade4_plein-cadre_80x40x3cm-_150.jpg' alt='' class='img-responsive' \/><\/header><h5 >CORRINE H\u00c9RAUD<\/h5><\/div><\/div>[\/vc_column][\/vc_row]<\/p>\n<\/div>","protected":false},"excerpt":{"rendered":"<p>[vc_row bg_type=\u00a0\u00bbno_bg\u00a0\u00bb row_parallax_speed=\u00a0\u00bb1&Prime; content_width=\u00a0\u00bbdefault\u00a0\u00bb css=\u00a0\u00bb.vc_custom_1418868503434{margin-top: -150px !important;}\u00a0\u00bb][vc_column width=\u00a0\u00bb2\/3&Prime; css=\u00a0\u00bb.vc_custom_1418866906242{padding-top: 12px !important;}\u00a0\u00bb][vc_column_text]Sublimations Dryades Nymphes protectrices des arbres et des for\u00eats \u00a0A l&rsquo;heure o\u00f9 nos \u00e9cosyst\u00e8mes sont en danger, je cr\u00e9e des sanctuaires imaginaires que mes Dryades prot\u00e8gent en secret. Je retourne au c\u0153ur des sylves magiques de notre enfance, au pied [&hellip;]<\/p>\n","protected":false},"author":1,"featured_media":0,"parent":0,"menu_order":0,"comment_status":"open","ping_status":"open","template":"","meta":{"footnotes":""},"class_list":["post-1556","page","type-page","status-publish","hentry"],"_links":{"self":[{"href":"http:\/\/www.catherine-mainguy.fr\/galerie-cmainguy\/wp-json\/wp\/v2\/pages\/1556"}],"collection":[{"href":"http:\/\/www.catherine-mainguy.fr\/galerie-cmainguy\/wp-json\/wp\/v2\/pages"}],"about":[{"href":"http:\/\/www.catherine-mainguy.fr\/galerie-cmainguy\/wp-json\/wp\/v2\/types\/page"}],"author":[{"embeddable":true,"href":"http:\/\/www.catherine-mainguy.fr\/galerie-cmainguy\/wp-json\/wp\/v2\/users\/1"}],"replies":[{"embeddable":true,"href":"http:\/\/www.catherine-mainguy.fr\/galerie-cmainguy\/wp-json\/wp\/v2\/comments?post=1556"}],"version-history":[{"count":1,"href":"http:\/\/www.catherine-mainguy.fr\/galerie-cmainguy\/wp-json\/wp\/v2\/pages\/1556\/revisions"}],"predecessor-version":[{"id":1559,"href":"http:\/\/www.catherine-mainguy.fr\/galerie-cmainguy\/wp-json\/wp\/v2\/pages\/1556\/revisions\/1559"}],"wp:attachment":[{"href":"http:\/\/www.catherine-mainguy.fr\/galerie-cmainguy\/wp-json\/wp\/v2\/media?parent=1556"}],"curies":[{"name":"wp","href":"https:\/\/api.w.org\/{rel}","templated":true}]}}