{"id":1544,"date":"2024-02-07T08:38:07","date_gmt":"2024-02-07T08:38:07","guid":{"rendered":"http:\/\/www.catherine-mainguy.fr\/galerie-cmainguy\/?page_id=1544"},"modified":"2024-02-07T12:52:25","modified_gmt":"2024-02-07T12:52:25","slug":"du-coeur-au-ventre","status":"publish","type":"page","link":"http:\/\/www.catherine-mainguy.fr\/galerie-cmainguy\/du-coeur-au-ventre\/","title":{"rendered":"Du c\u0153ur au ventre"},"content":{"rendered":"<div class=\"wpb-content-wrapper\"><p>[vc_row bg_type=\u00a0\u00bbno_bg\u00a0\u00bb row_parallax_speed=\u00a0\u00bb1&Prime; content_width=\u00a0\u00bbdefault\u00a0\u00bb css=\u00a0\u00bb.vc_custom_1418868503434{margin-top: -150px !important;}\u00a0\u00bb][vc_column width=\u00a0\u00bb2\/3&Prime; css=\u00a0\u00bb.vc_custom_1418866906242{padding-top: 12px !important;}\u00a0\u00bb][vc_column_text]<strong><span style=\"color: #2fc99d;\">Peintre,\u00a0vit et travaille \u00e0 Lyon<br \/>\n<\/span><\/strong><\/p>\n<p class=\"p1\">\u00ab Sur les chemins de cette for\u00eat fantastique, l\u2019oeil entend pousser fleurs, plantes et arbres.<br \/>\nCe choeur m\u00ealant germination et \u00e9closion c\u00e9l\u00e8bre le vivant non-humain et humain. \u00bb<\/p>\n<p class=\"p1\"><span style=\"color: #2fc99d;\"><strong>Artiste :<br \/>\n<\/strong><\/span><a title=\"CATHERINE MAINGUY\" href=\"http:\/\/www.catherine-mainguy.fr\" target=\"_blank\" rel=\"noopener noreferrer\">Catherine Mainguy<\/a><\/p>\n<p>[\/vc_column_text][\/vc_column][vc_column width=\u00a0\u00bb1\/3&Prime; css=\u00a0\u00bb.vc_custom_1418866919529{padding-top: 12px !important;}\u00a0\u00bb][vc_column_text]<span style=\"color: #2fc99d;\"><strong>Exposition :<br \/>\n<\/strong><\/span>du\u00a015\u00a0Janvier 2024 au\u00a016\u00a0F\u00e9vrier\u00a02024<\/p>\n<p><span style=\"color: #2fc99d;\"><strong>D\u00e9crochage\u00a0:<\/strong><\/span><br \/>\nLe jeudi 15 f\u00e9vrier \u00e0 partir de 18h30<br \/>\nPerformance \u00e0 19h30 : lecture du texte MOTHER de Ga\u00eblle Joly Giacometti, avec Fany Buy et l&rsquo;autrice.[\/vc_column_text][\/vc_column][\/vc_row][vc_row bg_type=\u00a0\u00bbno_bg\u00a0\u00bb row_parallax_speed=\u00a0\u00bb1&Prime; content_width=\u00a0\u00bbdefault\u00a0\u00bb][vc_column width=\u00a0\u00bb1\/2&Prime;]<div class=\"my-animation fadeInRight\"><div class='infobox-1 default'><header><img src='http:\/\/www.catherine-mainguy.fr\/galerie-cmainguy\/wp-content\/uploads\/2024\/02\/catherine-mainguy-le-lien-racine.jpg' alt='' class='img-responsive' \/><\/header><h5 >CATHERINE MAINGUY<\/h5><\/div><\/div>[\/vc_column][vc_column width=\u00a0\u00bb1\/2&Prime;]<div class=\"my-animation fadeInLeft\"><div class='infobox-1 default'><header><img src='http:\/\/www.catherine-mainguy.fr\/galerie-cmainguy\/wp-content\/uploads\/2024\/02\/catherine-mainguy-au-coeur-de-sa-foret.jpg' alt='' class='img-responsive' \/><\/header><h5 >CATHERINE MAINGUY<\/h5><\/div><\/div>[\/vc_column][\/vc_row][vc_row bg_type=\u00a0\u00bbno_bg\u00a0\u00bb row_parallax_speed=\u00a0\u00bb1&Prime; content_width=\u00a0\u00bbdefault\u00a0\u00bb][vc_column width=\u00a0\u00bb1\/2&Prime;]<div class=\"my-animation fadeInRight\"><div class='infobox-1 default'><header><img src='http:\/\/www.catherine-mainguy.fr\/galerie-cmainguy\/wp-content\/uploads\/2024\/02\/catherine-mainguy-a-la-nuit-tombee.jpg' alt='' class='img-responsive' \/><\/header><h5 >CATHERINE MAINGUY<\/h5><\/div><\/div>[\/vc_column][vc_column width=\u00a0\u00bb1\/2&Prime;]<div class=\"my-animation fadeInLeft\"><div class='infobox-1 default'><header><img src='http:\/\/www.catherine-mainguy.fr\/galerie-cmainguy\/wp-content\/uploads\/2024\/02\/cahterine-mainguy-porter-dans-son-coeur1.jpg' alt='' class='img-responsive' \/><\/header><h5 >CATHERINE MAINGUY<\/h5><\/div><\/div>[\/vc_column][\/vc_row]<\/p>\n<\/div>","protected":false},"excerpt":{"rendered":"<p>[vc_row bg_type=\u00a0\u00bbno_bg\u00a0\u00bb row_parallax_speed=\u00a0\u00bb1&Prime; content_width=\u00a0\u00bbdefault\u00a0\u00bb css=\u00a0\u00bb.vc_custom_1418868503434{margin-top: -150px !important;}\u00a0\u00bb][vc_column width=\u00a0\u00bb2\/3&Prime; css=\u00a0\u00bb.vc_custom_1418866906242{padding-top: 12px !important;}\u00a0\u00bb][vc_column_text]Peintre,\u00a0vit et travaille \u00e0 Lyon \u00ab Sur les chemins de cette for\u00eat fantastique, l\u2019oeil entend pousser fleurs, plantes et arbres. Ce choeur m\u00ealant germination et \u00e9closion c\u00e9l\u00e8bre le vivant non-humain et humain. \u00bb Artiste : Catherine Mainguy [\/vc_column_text][\/vc_column][vc_column width=\u00a0\u00bb1\/3&Prime; css=\u00a0\u00bb.vc_custom_1418866919529{padding-top: [&hellip;]<\/p>\n","protected":false},"author":1,"featured_media":0,"parent":0,"menu_order":0,"comment_status":"open","ping_status":"open","template":"","meta":{"footnotes":""},"class_list":["post-1544","page","type-page","status-publish","hentry"],"_links":{"self":[{"href":"http:\/\/www.catherine-mainguy.fr\/galerie-cmainguy\/wp-json\/wp\/v2\/pages\/1544"}],"collection":[{"href":"http:\/\/www.catherine-mainguy.fr\/galerie-cmainguy\/wp-json\/wp\/v2\/pages"}],"about":[{"href":"http:\/\/www.catherine-mainguy.fr\/galerie-cmainguy\/wp-json\/wp\/v2\/types\/page"}],"author":[{"embeddable":true,"href":"http:\/\/www.catherine-mainguy.fr\/galerie-cmainguy\/wp-json\/wp\/v2\/users\/1"}],"replies":[{"embeddable":true,"href":"http:\/\/www.catherine-mainguy.fr\/galerie-cmainguy\/wp-json\/wp\/v2\/comments?post=1544"}],"version-history":[{"count":5,"href":"http:\/\/www.catherine-mainguy.fr\/galerie-cmainguy\/wp-json\/wp\/v2\/pages\/1544\/revisions"}],"predecessor-version":[{"id":1555,"href":"http:\/\/www.catherine-mainguy.fr\/galerie-cmainguy\/wp-json\/wp\/v2\/pages\/1544\/revisions\/1555"}],"wp:attachment":[{"href":"http:\/\/www.catherine-mainguy.fr\/galerie-cmainguy\/wp-json\/wp\/v2\/media?parent=1544"}],"curies":[{"name":"wp","href":"https:\/\/api.w.org\/{rel}","templated":true}]}}