{"id":1504,"date":"2023-07-03T20:53:56","date_gmt":"2023-07-03T20:53:56","guid":{"rendered":"http:\/\/www.catherine-mainguy.fr\/galerie-cmainguy\/?page_id=1504"},"modified":"2023-07-03T20:56:12","modified_gmt":"2023-07-03T20:56:12","slug":"catherine-mainguy-a-fleur-de-peau","status":"publish","type":"page","link":"http:\/\/www.catherine-mainguy.fr\/galerie-cmainguy\/catherine-mainguy-a-fleur-de-peau\/","title":{"rendered":"CATHERINE MAINGUY &#8211; \u00c0 FLEUR DE PEAU"},"content":{"rendered":"<div class=\"wpb-content-wrapper\"><p>[vc_row bg_type=\u00a0\u00bbno_bg\u00a0\u00bb row_parallax_speed=\u00a0\u00bb1&Prime; content_width=\u00a0\u00bbdefault\u00a0\u00bb css=\u00a0\u00bb.vc_custom_1418868503434{margin-top: -150px !important;}\u00a0\u00bb][vc_column width=\u00a0\u00bb1\/3&Prime; css=\u00a0\u00bb.vc_custom_1418866906242{padding-top: 12px !important;}\u00a0\u00bb][vc_column_text]<span style=\"color: #2fc99d;\">Peintre,\u00a0vit et travaille \u00e0 Lyon<\/span><\/p>\n<p>Dans cette exposition \u00ab A Fleur de Peau \u00bb, Catherine Mainguy nous embarquent dans son univers sensible et po\u00e9tique, peupl\u00e9 de nymphes et de gardiennes de la for\u00eat. Dans son travail de plasticienne, le f\u00e9minin sacr\u00e9e s\u2019allie \u00e0 la puissance de la nature.[\/vc_column_text][\/vc_column][vc_column width=\u00a0\u00bb1\/3&Prime; css=\u00a0\u00bb.vc_custom_1418866919529{padding-top: 12px !important;}\u00a0\u00bb][vc_column_text]<\/p>\n<p>\u00ab Si tu ne vas pas dans les bois, jamais rien n&rsquo;arrivera, jamais ta vie ne commencera. Va dans les bois, va.\u00bb Extrait de Femmes qui courent avec les loups de Clarissa Pinkola Est\u00e9s.[\/vc_column_text][\/vc_column][vc_column width=\u00a0\u00bb1\/3&Prime;][vc_column_text]<span style=\"color: #2fc99d;\"><strong>Vernissage<\/strong><\/span>\u00a0Jeudi 27 Avril de 17h \u00e0 22h dans la cadre de l\u2019\u00e9v\u00e9nement VerniTour. Le Marathon de l\u2019Art : 4 galeries du quartier vous accueillent pour leurs vernissages.<\/p>\n<p><span style=\"color: #2fc99d;\"><strong>Exposition<\/strong><\/span> du\u00a027\u00a0avril\u00a0au 10\u00a0juin\u00a02023<\/p>\n<p><a href=\"http:\/\/www.catherine-mainguy.fr\" target=\"_blank\">www.catherine-mainguy.fr<\/a>[\/vc_column_text][\/vc_column][\/vc_row][vc_row css=\u00a0\u00bb.vc_custom_1481151168661{margin-top: 50px !important;}\u00a0\u00bb bg_type=\u00a0\u00bbno_bg\u00a0\u00bb bg_image_new=\u00a0\u00bb813&Prime; row_parallax_speed=\u00a0\u00bb1&Prime; content_width=\u00a0\u00bbdefault\u00a0\u00bb][vc_column width=\u00a0\u00bb1\/2&Prime; css=\u00a0\u00bb.vc_custom_1481151919339{padding-right: 50px !important;}\u00a0\u00bb]<div class=\"my-animation fadeInLeft\"><div class='infobox-1 default'><header><img src='http:\/\/www.catherine-mainguy.fr\/galerie-cmainguy\/wp-content\/uploads\/2023\/07\/Vintage-Beauty-7-10x15cm-photo-montage-et-transfert.jpg' alt='' class='img-responsive' \/><\/header><\/div><\/div>[\/vc_column][vc_column width=\u00a0\u00bb1\/2&Prime; css=\u00a0\u00bb.vc_custom_1481151931343{padding-left: 50px !important;}\u00a0\u00bb]<div class=\"my-animation fadeInUp\"><div class='infobox-1 default'><header><img src='http:\/\/www.catherine-mainguy.fr\/galerie-cmainguy\/wp-content\/uploads\/2023\/07\/Vintage-Beauty-6-10x15cm-photo-montage-transfert-et-or.jpg' alt='' class='img-responsive' \/><\/header><\/div><\/div>[\/vc_column][\/vc_row][vc_row css=\u00a0\u00bb.vc_custom_1481151186455{margin-top: 50px !important;padding-top: 0px !important;padding-bottom: 0px !important;}\u00a0\u00bb bg_type=\u00a0\u00bbimage\u00a0\u00bb row_parallax_speed=\u00a0\u00bb1&Prime; content_width=\u00a0\u00bbdefault\u00a0\u00bb][vc_column width=\u00a0\u00bb1\/2&Prime; css=\u00a0\u00bb.vc_custom_1481151948227{padding-right: 50px !important;}\u00a0\u00bb]<div class=\"my-animation fadeInRight\"><div class='infobox-1 default'><header><img src='http:\/\/www.catherine-mainguy.fr\/galerie-cmainguy\/wp-content\/uploads\/2023\/07\/Vintage-Beauty-5-13X18cm-photo-montage-et-transfert.jpg' alt='' class='img-responsive' \/><\/header><\/div><\/div>[\/vc_column][vc_column width=\u00a0\u00bb1\/2&Prime; css=\u00a0\u00bb.vc_custom_1481152204624{padding-left: 50px !important;}\u00a0\u00bb]<div class=\"my-animation fadeInUp\"><div class='infobox-1 default'><header><img src='http:\/\/www.catherine-mainguy.fr\/galerie-cmainguy\/wp-content\/uploads\/2023\/07\/Vintage-Beauty-4-13X18cm-photo-montage-et-transfert.jpg' alt='' class='img-responsive' \/><\/header><\/div><\/div>[\/vc_column][\/vc_row]<\/p>\n<\/div>","protected":false},"excerpt":{"rendered":"<p>[vc_row bg_type=\u00a0\u00bbno_bg\u00a0\u00bb row_parallax_speed=\u00a0\u00bb1&Prime; content_width=\u00a0\u00bbdefault\u00a0\u00bb css=\u00a0\u00bb.vc_custom_1418868503434{margin-top: -150px !important;}\u00a0\u00bb][vc_column width=\u00a0\u00bb1\/3&Prime; css=\u00a0\u00bb.vc_custom_1418866906242{padding-top: 12px !important;}\u00a0\u00bb][vc_column_text]Peintre,\u00a0vit et travaille \u00e0 Lyon Dans cette exposition \u00ab A Fleur de Peau \u00bb, Catherine Mainguy nous embarquent dans son univers sensible et po\u00e9tique, peupl\u00e9 de nymphes et de gardiennes de la for\u00eat. Dans son travail de plasticienne, le f\u00e9minin [&hellip;]<\/p>\n","protected":false},"author":1,"featured_media":0,"parent":0,"menu_order":0,"comment_status":"open","ping_status":"open","template":"","meta":{"footnotes":""},"class_list":["post-1504","page","type-page","status-publish","hentry"],"_links":{"self":[{"href":"http:\/\/www.catherine-mainguy.fr\/galerie-cmainguy\/wp-json\/wp\/v2\/pages\/1504"}],"collection":[{"href":"http:\/\/www.catherine-mainguy.fr\/galerie-cmainguy\/wp-json\/wp\/v2\/pages"}],"about":[{"href":"http:\/\/www.catherine-mainguy.fr\/galerie-cmainguy\/wp-json\/wp\/v2\/types\/page"}],"author":[{"embeddable":true,"href":"http:\/\/www.catherine-mainguy.fr\/galerie-cmainguy\/wp-json\/wp\/v2\/users\/1"}],"replies":[{"embeddable":true,"href":"http:\/\/www.catherine-mainguy.fr\/galerie-cmainguy\/wp-json\/wp\/v2\/comments?post=1504"}],"version-history":[{"count":3,"href":"http:\/\/www.catherine-mainguy.fr\/galerie-cmainguy\/wp-json\/wp\/v2\/pages\/1504\/revisions"}],"predecessor-version":[{"id":1513,"href":"http:\/\/www.catherine-mainguy.fr\/galerie-cmainguy\/wp-json\/wp\/v2\/pages\/1504\/revisions\/1513"}],"wp:attachment":[{"href":"http:\/\/www.catherine-mainguy.fr\/galerie-cmainguy\/wp-json\/wp\/v2\/media?parent=1504"}],"curies":[{"name":"wp","href":"https:\/\/api.w.org\/{rel}","templated":true}]}}