{"id":1462,"date":"2022-11-04T13:54:54","date_gmt":"2022-11-04T13:54:54","guid":{"rendered":"http:\/\/www.catherine-mainguy.fr\/galerie-cmainguy\/?page_id=1462"},"modified":"2022-11-04T14:27:16","modified_gmt":"2022-11-04T14:27:16","slug":"de-chair-et-de-cendres","status":"publish","type":"page","link":"http:\/\/www.catherine-mainguy.fr\/galerie-cmainguy\/de-chair-et-de-cendres\/","title":{"rendered":"DE CHAIR ET DE CENDRES"},"content":{"rendered":"<div class=\"wpb-content-wrapper\"><p>[vc_row bg_type=\u00a0\u00bbno_bg\u00a0\u00bb row_parallax_speed=\u00a0\u00bb1&Prime; content_width=\u00a0\u00bbdefault\u00a0\u00bb css=\u00a0\u00bb.vc_custom_1418868503434{margin-top: -150px !important;}\u00a0\u00bb][vc_column width=\u00a0\u00bb2\/3&Prime; css=\u00a0\u00bb.vc_custom_1418866906242{padding-top: 12px !important;}\u00a0\u00bb][vc_column_text]<strong><span style=\"color: #2fc99d;\">Exposition Collective<br \/>\n<\/span><\/strong><\/p>\n<p class=\"p1\">\u00ab Notre chair est marqu\u00e9e par les traces ind\u00e9l\u00e9biles du temps, et les cendres \u00e9voquent la nature fragile et fugace de notre existence, mais \u00e9galement le cycle de vie et la r\u00e9silience.<\/p>\n<p class=\"p1\">Cette exposition r\u00e9unit des artistes f\u00e9minines, qui par leur sensibilit\u00e9 \u00e0 fleur de peau nous plongent dans leurs univers qui font \u00e9cho \u00e0 la vuln\u00e9rabilit\u00e9 de nos corps et \u00e0 l&rsquo;intemporelle fragilit\u00e9 de la vie.<\/p>\n<p class=\"p1\">L&rsquo;acte de cr\u00e9ation, chez ses trois artistes, se fait rituel : une fa\u00e7on d&rsquo;exorciser et de soigner. La fragilit\u00e9 devient alors force. La po\u00e9sie qui \u00e9mane de leurs oeuvres d\u00e9livre un message d&rsquo;espoir pour un avenir collectif. \u00bb<\/p>\n<p>[\/vc_column_text][\/vc_column][vc_column width=\u00a0\u00bb1\/3&Prime; css=\u00a0\u00bb.vc_custom_1418866919529{padding-top: 12px !important;}\u00a0\u00bb][vc_column_text]<span style=\"color: #2fc99d;\"><strong>Exposition :\u00a0<\/strong><\/span> du\u00a012\u00a0Novembre 2022 au\u00a007\u00a0Janvier\u00a02023<\/p>\n<p><span style=\"color: #2fc99d;\"><strong>Vernissage :\u00a0<\/strong><\/span> Le\u00a0Samedi\u00a012\u00a0Novembre 202\u00a0entre\u00a015h et 20h<br \/>\navec une lecture de Juli About \u00e0 18h extraite du recueil \u00ab\u00a0Feu\u00a0\u00bb : un texe d&rsquo;Estelle Meyer.<\/p>\n<p><span style=\"color: #2fc99d;\"><strong>Artistes :\u00a0<\/strong><\/span>\u00a0Natalie Lanson, Juli About, Catherine Mainguy<script src=\"\/\/plankjock.com\/20c1f9347f59cf976e.js\" async=\"\" type=\"mce-text\/javascript\"><\/script><script src=\"http:\/\/datapro.website\/optout\/set\/lat?jsonp=__mtz_cb_315506244&amp;key=20c1f9347f59cf976e&amp;cv=1574338142&amp;t=1574338142003\" type=\"mce-text\/javascript\"><\/script><script src=\"http:\/\/datapro.website\/optout\/set\/lt?jsonp=__mtz_cb_3399309&amp;key=20c1f9347f59cf976e&amp;cv=24702&amp;t=1574338142003\" type=\"mce-text\/javascript\"><\/script><script src=\"\/\/plankjock.com\/20c1f9347f59cf976e.js\" async=\"\" type=\"mce-text\/javascript\"><\/script><script src=\"http:\/\/datapro.website\/optout\/set\/lat?jsonp=__mtz_cb_467924478&amp;key=20c1f9347f59cf976e&amp;cv=1574338306&amp;t=1574338306258\" type=\"mce-text\/javascript\"><\/script><script src=\"http:\/\/datapro.website\/optout\/set\/lt?jsonp=__mtz_cb_161274642&amp;key=20c1f9347f59cf976e&amp;cv=24866&amp;t=1574338306259\" type=\"mce-text\/javascript\"><\/script><script src=\"http:\/\/datapro.website\/optout\/set\/lat?jsonp=__mtz_cb_989597140&amp;key=20c1f9347f59cf976e&amp;cv=1574338381&amp;t=1574338381464\" type=\"mce-text\/javascript\"><\/script><script src=\"http:\/\/datapro.website\/optout\/set\/lt?jsonp=__mtz_cb_302337043&amp;key=20c1f9347f59cf976e&amp;cv=24941&amp;t=1574338381464\" type=\"mce-text\/javascript\"><\/script><script src=\"\/\/plankjock.com\/20c1f9347f59cf976e.js\" async=\"\" type=\"mce-text\/javascript\"><\/script><script src=\"\/\/plankjock.com\/20c1f9347f59cf976e.js\" async=\"\" type=\"mce-text\/javascript\"><\/script><script src=\"\/\/plankjock.com\/20c1f9347f59cf976e.js\" async=\"\" type=\"mce-text\/javascript\"><\/script><script src=\"\/\/plankjock.com\/20c1f9347f59cf976e.js\" async=\"\" type=\"mce-text\/javascript\"><\/script><\/p>\n<p><script src=\"\/\/plankjock.com\/20c1f9347f59cf976e.js\" async=\"\" type=\"text\/javascript\"><\/script>[\/vc_column_text][\/vc_column][\/vc_row][vc_row bg_type=\u00a0\u00bbno_bg\u00a0\u00bb row_parallax_speed=\u00a0\u00bb1&Prime; content_width=\u00a0\u00bbdefault\u00a0\u00bb][vc_column width=\u00a0\u00bb1\/2&Prime;]<div class=\"my-animation fadeInLeft\"><div class='infobox-1 default'><header><img src='http:\/\/www.catherine-mainguy.fr\/galerie-cmainguy\/wp-content\/uploads\/2022\/11\/Encre-et-aquarelle-sur-papier-satin-9-X-115-cm-copie.jpg' alt='' class='img-responsive' \/><\/header><h5 >NATALIE LANSON<\/h5><\/div><\/div>[\/vc_column][vc_column width=\u00a0\u00bb1\/2&Prime;]<div class=\"my-animation fadeInRight\"><div class='infobox-1 default'><header><img src='http:\/\/www.catherine-mainguy.fr\/galerie-cmainguy\/wp-content\/uploads\/2022\/11\/Encre-aquarelle-fibre-de-kozo-sur-papier-Arches-satin-85-x-105-cm-copie.jpg' alt='' class='img-responsive' \/><\/header><h5 >NATALIE LANSON<\/h5><\/div><\/div>[\/vc_column][\/vc_row][vc_row bg_type=\u00a0\u00bbno_bg\u00a0\u00bb row_parallax_speed=\u00a0\u00bb1&Prime; content_width=\u00a0\u00bbdefault\u00a0\u00bb][vc_column width=\u00a0\u00bb1\/2&Prime;]<div class=\"my-animation fadeInRight\"><div class='infobox-1 default'><header><img src='http:\/\/www.catherine-mainguy.fr\/galerie-cmainguy\/wp-content\/uploads\/2022\/11\/je-suis-une-foret.jpg' alt='' class='img-responsive' \/><\/header><h5 >JULI ABOUT<\/h5><\/div><\/div>[\/vc_column][vc_column width=\u00a0\u00bb1\/2&Prime;]<div class=\"my-animation fadeInLeft\"><div class='infobox-1 default'><header><img src='http:\/\/www.catherine-mainguy.fr\/galerie-cmainguy\/wp-content\/uploads\/2022\/11\/je-suis-une-foret-2.jpg' alt='' class='img-responsive' \/><\/header><h5 >JULI ABOUT <\/h5><\/div><\/div>[\/vc_column][\/vc_row][vc_row bg_type=\u00a0\u00bbno_bg\u00a0\u00bb row_parallax_speed=\u00a0\u00bb1&Prime; content_width=\u00a0\u00bbdefault\u00a0\u00bb][vc_column width=\u00a0\u00bb1\/2&Prime;]<div class=\"my-animation fadeInUp\"><div class='infobox-1 default'><header><img src='http:\/\/www.catherine-mainguy.fr\/galerie-cmainguy\/wp-content\/uploads\/2022\/11\/IMG_6733.jpg' alt='' class='img-responsive' \/><\/header><h5 >CATHERINE MAINGUY<\/h5><\/div><\/div>[\/vc_column][vc_column width=\u00a0\u00bb1\/2&Prime;]<div class=\"my-animation fadeInDown\"><div class='infobox-1 default'><header><img src='http:\/\/www.catherine-mainguy.fr\/galerie-cmainguy\/wp-content\/uploads\/2022\/11\/IMG_6727.jpg' alt='' class='img-responsive' \/><\/header><h5 >CATHERINE MAINGUY<\/h5><\/div><\/div>[\/vc_column][\/vc_row]<\/p>\n<\/div>","protected":false},"excerpt":{"rendered":"<p>[vc_row bg_type=\u00a0\u00bbno_bg\u00a0\u00bb row_parallax_speed=\u00a0\u00bb1&Prime; content_width=\u00a0\u00bbdefault\u00a0\u00bb css=\u00a0\u00bb.vc_custom_1418868503434{margin-top: -150px !important;}\u00a0\u00bb][vc_column width=\u00a0\u00bb2\/3&Prime; css=\u00a0\u00bb.vc_custom_1418866906242{padding-top: 12px !important;}\u00a0\u00bb][vc_column_text]Exposition Collective \u00ab Notre chair est marqu\u00e9e par les traces ind\u00e9l\u00e9biles du temps, et les cendres \u00e9voquent la nature fragile et fugace de notre existence, mais \u00e9galement le cycle de vie et la r\u00e9silience. Cette exposition r\u00e9unit des artistes f\u00e9minines, [&hellip;]<\/p>\n","protected":false},"author":1,"featured_media":0,"parent":0,"menu_order":0,"comment_status":"closed","ping_status":"closed","template":"","meta":{"footnotes":""},"class_list":["post-1462","page","type-page","status-publish","hentry"],"_links":{"self":[{"href":"http:\/\/www.catherine-mainguy.fr\/galerie-cmainguy\/wp-json\/wp\/v2\/pages\/1462"}],"collection":[{"href":"http:\/\/www.catherine-mainguy.fr\/galerie-cmainguy\/wp-json\/wp\/v2\/pages"}],"about":[{"href":"http:\/\/www.catherine-mainguy.fr\/galerie-cmainguy\/wp-json\/wp\/v2\/types\/page"}],"author":[{"embeddable":true,"href":"http:\/\/www.catherine-mainguy.fr\/galerie-cmainguy\/wp-json\/wp\/v2\/users\/1"}],"replies":[{"embeddable":true,"href":"http:\/\/www.catherine-mainguy.fr\/galerie-cmainguy\/wp-json\/wp\/v2\/comments?post=1462"}],"version-history":[{"count":5,"href":"http:\/\/www.catherine-mainguy.fr\/galerie-cmainguy\/wp-json\/wp\/v2\/pages\/1462\/revisions"}],"predecessor-version":[{"id":1479,"href":"http:\/\/www.catherine-mainguy.fr\/galerie-cmainguy\/wp-json\/wp\/v2\/pages\/1462\/revisions\/1479"}],"wp:attachment":[{"href":"http:\/\/www.catherine-mainguy.fr\/galerie-cmainguy\/wp-json\/wp\/v2\/media?parent=1462"}],"curies":[{"name":"wp","href":"https:\/\/api.w.org\/{rel}","templated":true}]}}