{"id":1442,"date":"2022-09-06T18:41:59","date_gmt":"2022-09-06T18:41:59","guid":{"rendered":"http:\/\/www.catherine-mainguy.fr\/galerie-cmainguy\/?page_id=1442"},"modified":"2022-09-06T18:41:59","modified_gmt":"2022-09-06T18:41:59","slug":"corpus-temporis","status":"publish","type":"page","link":"http:\/\/www.catherine-mainguy.fr\/galerie-cmainguy\/corpus-temporis\/","title":{"rendered":"Corpus Temporis"},"content":{"rendered":"<div class=\"wpb-content-wrapper\"><p>[vc_row bg_type=\u00a0\u00bbno_bg\u00a0\u00bb row_parallax_speed=\u00a0\u00bb1&Prime; content_width=\u00a0\u00bbdefault\u00a0\u00bb css=\u00a0\u00bb.vc_custom_1418868503434{margin-top: -150px !important;}\u00a0\u00bb][vc_column width=\u00a0\u00bb2\/3&Prime; css=\u00a0\u00bb.vc_custom_1418866906242{padding-top: 12px !important;}\u00a0\u00bb][vc_column_text]<strong><span style=\"color: #2fc99d;\">Expostion Collective<br \/>\n<\/span><\/strong>Cette exposition r\u00e9unit deux artistes plasticiennes\u00a0Fabrice Jac et Catherine Mainguy.<\/p>\n<p class=\"p1\">L\u2019art est une empreinte du temps, une m\u00e9moire. Les artistes de toute l\u2019histoire t\u00e9moignent de leur civilisation \u00e0 travers leur expression artistique. Les oeuvres anciennes avec leurs alt\u00e9rations peuvent sugg\u00e9rer une certaine fragilit\u00e9 universelle, mais avec force et puissance l\u2019art reste une r\u00e9sistance. Pour cette exposition, deux artistes plasticiens, Fabrice Jac et Catherine Mainguy proposent de s\u2019approprier diff\u00e9rentes oeuvres parsemant l\u2019histoire de l\u2019art pour une transfiguration \u00e9clair\u00e9e par ce d\u00e9but de 21<span class=\"s1\">\u00e8me <\/span>si\u00e8cle. Nous consid\u00e9rons l\u2019Art comme une mati\u00e8re vivante \u00e9voluant et prenant corps au fil du temps\u2026<\/p>\n<p>[\/vc_column_text][\/vc_column][vc_column width=\u00a0\u00bb1\/3&Prime; css=\u00a0\u00bb.vc_custom_1418866919529{padding-top: 12px !important;}\u00a0\u00bb][vc_column_text]<span style=\"color: #2fc99d;\"><strong>Exposition :<br \/>\n<\/strong><\/span>du\u00a08\u00a0Septembre 2022 au\u00a029\u00a0octobre\u00a02022<br \/>\n<span style=\"color: #2fc99d;\"><strong>Artistes :<br \/>\n<\/strong><\/span>Fabrice Jac\u00a0et\u00a0<a title=\"CATHERINE MAINGUY\" href=\"http:\/\/www.catherine-mainguy.fr\" target=\"_blank\" rel=\"noopener noreferrer\">Catherine Mainguy<\/a>[\/vc_column_text][\/vc_column][\/vc_row][vc_row bg_type=\u00a0\u00bbno_bg\u00a0\u00bb row_parallax_speed=\u00a0\u00bb1&Prime; content_width=\u00a0\u00bbdefault\u00a0\u00bb][vc_column width=\u00a0\u00bb1\/2&Prime;]<div class=\"my-animation fadeInRight\"><div class='infobox-1 default'><header><img src='http:\/\/www.catherine-mainguy.fr\/galerie-cmainguy\/wp-content\/uploads\/2022\/09\/fabrice-jac-2.jpg' alt='' class='img-responsive' \/><\/header><h5 >FABRICE JAC<\/h5><\/div><\/div>[\/vc_column][vc_column width=\u00a0\u00bb1\/2&Prime;]<div class=\"my-animation fadeInLeft\"><div class='infobox-1 default'><header><img src='http:\/\/www.catherine-mainguy.fr\/galerie-cmainguy\/wp-content\/uploads\/2022\/09\/fabrice-jac-1.jpg' alt='' class='img-responsive' \/><\/header><h5 >FABRICE JAC<\/h5><\/div><\/div>[\/vc_column][\/vc_row][vc_row bg_type=\u00a0\u00bbno_bg\u00a0\u00bb row_parallax_speed=\u00a0\u00bb1&Prime; content_width=\u00a0\u00bbdefault\u00a0\u00bb][vc_column width=\u00a0\u00bb1\/2&Prime;]<div class=\"my-animation fadeInUp\"><div class='infobox-1 default'><header><img src='http:\/\/www.catherine-mainguy.fr\/galerie-cmainguy\/wp-content\/uploads\/2022\/09\/Catherine-Mainguy-2.jpg' alt='' class='img-responsive' \/><\/header><h5 >CATHERINE MAINGUY<\/h5><\/div><\/div>[\/vc_column][vc_column width=\u00a0\u00bb1\/2&Prime;]<div class=\"my-animation fadeInDown\"><div class='infobox-1 default'><header><img src='http:\/\/www.catherine-mainguy.fr\/galerie-cmainguy\/wp-content\/uploads\/2022\/09\/Le-songe-41X33cm-marouflage-encre-et-acrylique-sur-toile-350-euros.jpeg' alt='' class='img-responsive' \/><\/header><h5 >CATHERINE MAINGUY<\/h5><\/div><\/div>[\/vc_column][\/vc_row]<\/p>\n<\/div>","protected":false},"excerpt":{"rendered":"<p>[vc_row bg_type=\u00a0\u00bbno_bg\u00a0\u00bb row_parallax_speed=\u00a0\u00bb1&Prime; content_width=\u00a0\u00bbdefault\u00a0\u00bb css=\u00a0\u00bb.vc_custom_1418868503434{margin-top: -150px !important;}\u00a0\u00bb][vc_column width=\u00a0\u00bb2\/3&Prime; css=\u00a0\u00bb.vc_custom_1418866906242{padding-top: 12px !important;}\u00a0\u00bb][vc_column_text]Expostion Collective Cette exposition r\u00e9unit deux artistes plasticiennes\u00a0Fabrice Jac et Catherine Mainguy. L\u2019art est une empreinte du temps, une m\u00e9moire. Les artistes de toute l\u2019histoire t\u00e9moignent de leur civilisation \u00e0 travers leur expression artistique. Les oeuvres anciennes avec leurs alt\u00e9rations [&hellip;]<\/p>\n","protected":false},"author":1,"featured_media":0,"parent":0,"menu_order":0,"comment_status":"open","ping_status":"open","template":"","meta":{"footnotes":""},"class_list":["post-1442","page","type-page","status-publish","hentry"],"_links":{"self":[{"href":"http:\/\/www.catherine-mainguy.fr\/galerie-cmainguy\/wp-json\/wp\/v2\/pages\/1442"}],"collection":[{"href":"http:\/\/www.catherine-mainguy.fr\/galerie-cmainguy\/wp-json\/wp\/v2\/pages"}],"about":[{"href":"http:\/\/www.catherine-mainguy.fr\/galerie-cmainguy\/wp-json\/wp\/v2\/types\/page"}],"author":[{"embeddable":true,"href":"http:\/\/www.catherine-mainguy.fr\/galerie-cmainguy\/wp-json\/wp\/v2\/users\/1"}],"replies":[{"embeddable":true,"href":"http:\/\/www.catherine-mainguy.fr\/galerie-cmainguy\/wp-json\/wp\/v2\/comments?post=1442"}],"version-history":[{"count":1,"href":"http:\/\/www.catherine-mainguy.fr\/galerie-cmainguy\/wp-json\/wp\/v2\/pages\/1442\/revisions"}],"predecessor-version":[{"id":1448,"href":"http:\/\/www.catherine-mainguy.fr\/galerie-cmainguy\/wp-json\/wp\/v2\/pages\/1442\/revisions\/1448"}],"wp:attachment":[{"href":"http:\/\/www.catherine-mainguy.fr\/galerie-cmainguy\/wp-json\/wp\/v2\/media?parent=1442"}],"curies":[{"name":"wp","href":"https:\/\/api.w.org\/{rel}","templated":true}]}}