{"id":1363,"date":"2021-03-04T09:25:56","date_gmt":"2021-03-04T09:25:56","guid":{"rendered":"http:\/\/www.catherine-mainguy.fr\/galerie-cmainguy\/?page_id=1363"},"modified":"2021-03-04T13:28:12","modified_gmt":"2021-03-04T13:28:12","slug":"solow-show","status":"publish","type":"page","link":"http:\/\/www.catherine-mainguy.fr\/galerie-cmainguy\/solow-show\/","title":{"rendered":"CATHERINE MAINGUY &#8211; SOLO SHOW"},"content":{"rendered":"<div class=\"wpb-content-wrapper\"><p>[vc_row bg_type=\u00a0\u00bbno_bg\u00a0\u00bb row_parallax_speed=\u00a0\u00bb1&Prime; content_width=\u00a0\u00bbdefault\u00a0\u00bb css=\u00a0\u00bb.vc_custom_1418868503434{margin-top: -150px !important;}\u00a0\u00bb][vc_column width=\u00a0\u00bb1\/3&Prime; css=\u00a0\u00bb.vc_custom_1418866906242{padding-top: 12px !important;}\u00a0\u00bb][vc_column_text]<span style=\"color: #2fc99d;\">Peintre,\u00a0vit et travaille \u00e0 Lyon<\/span><\/p>\n<div class=\"\" dir=\"auto\">En ce d\u00e9but d\u2019ann\u00e9e, je vous accueille \u00e0 la galerie avec une s\u00e9lection de pi\u00e8ces originales , et de tirages d\u2019art<\/div>\n<div class=\"\" dir=\"auto\">\n<div class=\"\"><span class=\"\">r\u00e9alis\u00e9s avec un imprimeur lyonnais\u00a0<span class=\"\">avec des encres \u00e9cologiques (car toujours local et responsable) !<\/span><\/span><\/div>\n<\/div>\n<p>[\/vc_column_text][\/vc_column][vc_column width=\u00a0\u00bb1\/3&Prime; css=\u00a0\u00bb.vc_custom_1418866919529{padding-top: 12px !important;}\u00a0\u00bb][vc_column_text]<span style=\"color: #2fc99d;\"><strong>Exposition<\/strong><\/span>\u00a0du 05 Janvier au 20 Mars 2021<\/p>\n<p><a href=\"http:\/\/www.catherine-mainguy.fr\" target=\"_blank\">www.catherine-mainguy.fr<br \/>\n<\/a><a href=\"https:\/\/www.singulart.com\/fr\/artiste\/catherine-mainguy-13965\" target=\"_blank\">Vente en ligne sur\u00a0Singulart<br \/>\n<\/a><a href=\"https:\/\/catherinemainguy.bigcartel.com\/\" target=\"_blank\">Vente de tirage d&rsquo;art (prints)<\/a>[\/vc_column_text][\/vc_column][vc_column width=\u00a0\u00bb1\/3&Prime;][\/vc_column][\/vc_row][vc_row css=\u00a0\u00bb.vc_custom_1481151168661{margin-top: 50px !important;}\u00a0\u00bb bg_type=\u00a0\u00bbno_bg\u00a0\u00bb bg_image_new=\u00a0\u00bb813&Prime; row_parallax_speed=\u00a0\u00bb1&Prime; content_width=\u00a0\u00bbdefault\u00a0\u00bb][vc_column width=\u00a0\u00bb1\/2&Prime; css=\u00a0\u00bb.vc_custom_1481151919339{padding-right: 50px !important;}\u00a0\u00bb]<div class=\"my-animation fadeInLeft\"><div class='infobox-1 default'><header><img src='http:\/\/www.catherine-mainguy.fr\/galerie-cmainguy\/wp-content\/uploads\/2021\/03\/CATHERINE-MAINGUY-galerie-2.jpg' alt='' class='img-responsive' \/><\/header><\/div><\/div>[\/vc_column][vc_column width=\u00a0\u00bb1\/2&Prime; css=\u00a0\u00bb.vc_custom_1481151931343{padding-left: 50px !important;}\u00a0\u00bb]<div class=\"my-animation fadeInUp\"><div class='infobox-1 default'><header><img src='http:\/\/www.catherine-mainguy.fr\/galerie-cmainguy\/wp-content\/uploads\/2021\/03\/CATHERINE-MAINGUY-galerie-1.jpg' alt='' class='img-responsive' \/><\/header><\/div><\/div>[\/vc_column][\/vc_row]<\/p>\n<\/div>","protected":false},"excerpt":{"rendered":"<p>[vc_row bg_type=\u00a0\u00bbno_bg\u00a0\u00bb row_parallax_speed=\u00a0\u00bb1&Prime; content_width=\u00a0\u00bbdefault\u00a0\u00bb css=\u00a0\u00bb.vc_custom_1418868503434{margin-top: -150px !important;}\u00a0\u00bb][vc_column width=\u00a0\u00bb1\/3&Prime; css=\u00a0\u00bb.vc_custom_1418866906242{padding-top: 12px !important;}\u00a0\u00bb][vc_column_text]Peintre,\u00a0vit et travaille \u00e0 Lyon En ce d\u00e9but d\u2019ann\u00e9e, je vous accueille \u00e0 la galerie avec une s\u00e9lection de pi\u00e8ces originales , et de tirages d\u2019art r\u00e9alis\u00e9s avec un imprimeur lyonnais\u00a0avec des encres \u00e9cologiques (car toujours local et responsable) ! [&hellip;]<\/p>\n","protected":false},"author":1,"featured_media":0,"parent":0,"menu_order":0,"comment_status":"open","ping_status":"open","template":"","meta":{"footnotes":""},"class_list":["post-1363","page","type-page","status-publish","hentry"],"_links":{"self":[{"href":"http:\/\/www.catherine-mainguy.fr\/galerie-cmainguy\/wp-json\/wp\/v2\/pages\/1363"}],"collection":[{"href":"http:\/\/www.catherine-mainguy.fr\/galerie-cmainguy\/wp-json\/wp\/v2\/pages"}],"about":[{"href":"http:\/\/www.catherine-mainguy.fr\/galerie-cmainguy\/wp-json\/wp\/v2\/types\/page"}],"author":[{"embeddable":true,"href":"http:\/\/www.catherine-mainguy.fr\/galerie-cmainguy\/wp-json\/wp\/v2\/users\/1"}],"replies":[{"embeddable":true,"href":"http:\/\/www.catherine-mainguy.fr\/galerie-cmainguy\/wp-json\/wp\/v2\/comments?post=1363"}],"version-history":[{"count":6,"href":"http:\/\/www.catherine-mainguy.fr\/galerie-cmainguy\/wp-json\/wp\/v2\/pages\/1363\/revisions"}],"predecessor-version":[{"id":1373,"href":"http:\/\/www.catherine-mainguy.fr\/galerie-cmainguy\/wp-json\/wp\/v2\/pages\/1363\/revisions\/1373"}],"wp:attachment":[{"href":"http:\/\/www.catherine-mainguy.fr\/galerie-cmainguy\/wp-json\/wp\/v2\/media?parent=1363"}],"curies":[{"name":"wp","href":"https:\/\/api.w.org\/{rel}","templated":true}]}}