{"id":1117,"date":"2018-10-22T19:55:20","date_gmt":"2018-10-22T19:55:20","guid":{"rendered":"http:\/\/www.catherine-mainguy.fr\/galerie-cmainguy\/?page_id=1117"},"modified":"2018-10-22T20:41:45","modified_gmt":"2018-10-22T20:41:45","slug":"autour-du-bestiaire","status":"publish","type":"page","link":"http:\/\/www.catherine-mainguy.fr\/galerie-cmainguy\/autour-du-bestiaire\/","title":{"rendered":"Autour du Bestiaire"},"content":{"rendered":"<div class=\"wpb-content-wrapper\"><p>[vc_row bg_type=\u00a0\u00bbno_bg\u00a0\u00bb row_parallax_speed=\u00a0\u00bb1&Prime; content_width=\u00a0\u00bbdefault\u00a0\u00bb css=\u00a0\u00bb.vc_custom_1418868503434{margin-top: -150px !important;}\u00a0\u00bb][vc_column width=\u00a0\u00bb2\/3&Prime; css=\u00a0\u00bb.vc_custom_1418866906242{padding-top: 12px !important;}\u00a0\u00bb][vc_column_text]<strong><span style=\"color: #2fc99d;\">Expostion Collective<br \/>\n<\/span><\/strong>Les trois artistes r\u00e9unis sur cette exposition \u00ab\u00a0Autour du Bestiaire\u00a0\u00bb<span class=\"Apple-converted-space\">\u00a0 <\/span>nous immergent dans leurs univers intimistes.<br \/>\nChim\u00e8res, animaux totems ou imaginaires, carcasses\u00a0sont autant de m\u00e9taphores qui font \u00e9cho \u00e0 notre propre condition d\u2019humain.<br \/>\nUne prise de conscience de l\u2019animal qui veille en nous, de l\u2019interd\u00e9pendance du monde vivant en perp\u00e9tuelle recomposition.<\/p>\n<p class=\"p1\">Animal\u00a0: provient du mot latin \u00ab\u00a0anima\u00a0\u00bb qui signifie \u00ab\u00a0souffle, \u00e2me\u00a0\u00bb.<\/p>\n<p>[\/vc_column_text][\/vc_column][vc_column width=\u00a0\u00bb1\/3&Prime; css=\u00a0\u00bb.vc_custom_1418866919529{padding-top: 12px !important;}\u00a0\u00bb][vc_column_text]<span style=\"color: #2fc99d;\"><strong>Exposition :<br \/>\n<\/strong><\/span>du\u00a015 Novembre au\u00a022 D\u00e9cembre 2018<br \/>\n<span style=\"color: #2fc99d;\"><strong>Vernissage :<br \/>\n<\/strong><\/span>Le jeudi\u00a015 Novembre \u00e0 partir de 18h30<br \/>\n<span style=\"color: #2fc99d;\"><strong>Artistes :<br \/>\n<\/strong><\/span><a href=\"http:\/\/experimental-light.nuxit.net\/\" target=\"_blank\">Laurent Martinez<\/a>, <a href=\"http:\/\/www.ericlacombe.com\/\" target=\"_blank\">Eric Lacombe<\/a>, <a title=\"CATHERINE MAINGUY\" href=\"http:\/\/www.catherine-mainguy.fr\" target=\"_blank\">Catherine Mainguy<\/a>[\/vc_column_text][\/vc_column][\/vc_row][vc_row bg_type=\u00a0\u00bbno_bg\u00a0\u00bb row_parallax_speed=\u00a0\u00bb1&Prime; content_width=\u00a0\u00bbdefault\u00a0\u00bb][vc_column width=\u00a0\u00bb1\/2&Prime;]<div class=\"my-animation fadeInRight\"><div class='infobox-1 default'><header><img src='http:\/\/www.catherine-mainguy.fr\/galerie-cmainguy\/wp-content\/uploads\/2018\/10\/LAURENT-MARTINEZ-1.jpg' alt='' class='img-responsive' \/><\/header><h5 >LAURENT MARTINEZ<\/h5><\/div><\/div>[\/vc_column][vc_column width=\u00a0\u00bb1\/2&Prime;]<div class=\"my-animation fadeInLeft\"><div class='infobox-1 default'><header><img src='http:\/\/www.catherine-mainguy.fr\/galerie-cmainguy\/wp-content\/uploads\/2018\/10\/LAURENT-MARTINEZ-2.jpg' alt='' class='img-responsive' \/><\/header><h5 >LAURENT MARTINEZ<\/h5><\/div><\/div>[\/vc_column][\/vc_row][vc_row bg_type=\u00a0\u00bbno_bg\u00a0\u00bb row_parallax_speed=\u00a0\u00bb1&Prime; content_width=\u00a0\u00bbdefault\u00a0\u00bb][vc_column width=\u00a0\u00bb1\/2&Prime;]<div class=\"my-animation fadeInUp\"><div class='infobox-1 default'><header><img src='http:\/\/www.catherine-mainguy.fr\/galerie-cmainguy\/wp-content\/uploads\/2018\/10\/ERIC-LACOMBE-2.jpg' alt='' class='img-responsive' \/><\/header><h5 >ERIC LACOMBE<\/h5><\/div><\/div>[\/vc_column][vc_column width=\u00a0\u00bb1\/2&Prime;]<div class=\"my-animation fadeInDown\"><div class='infobox-1 default'><header><img src='http:\/\/www.catherine-mainguy.fr\/galerie-cmainguy\/wp-content\/uploads\/2018\/10\/ERIC-LACOMBE-1.jpg' alt='' class='img-responsive' \/><\/header><h5 >ERIC LACOMBE<\/h5><\/div><\/div>[\/vc_column][\/vc_row][vc_row bg_type=\u00a0\u00bbno_bg\u00a0\u00bb row_parallax_speed=\u00a0\u00bb1&Prime; content_width=\u00a0\u00bbdefault\u00a0\u00bb][vc_column width=\u00a0\u00bb1\/2&Prime;]<div class=\"my-animation fadeInLeft\"><div class='infobox-1 default'><header><img src='http:\/\/www.catherine-mainguy.fr\/galerie-cmainguy\/wp-content\/uploads\/2018\/10\/CATHERINE-MAINGUY1.jpg' alt='' class='img-responsive' \/><\/header><h5 >CATHERINE MAINGUY<\/h5><\/div><\/div>[\/vc_column][vc_column width=\u00a0\u00bb1\/2&Prime;]<div class=\"my-animation fadeInRight\"><div class='infobox-1 default'><header><img src='http:\/\/www.catherine-mainguy.fr\/galerie-cmainguy\/wp-content\/uploads\/2018\/10\/CATHERINE-MAINGUY2.jpg' alt='' class='img-responsive' \/><\/header><h5 >CATHERINE MAINGUY<\/h5><\/div><\/div>[\/vc_column][\/vc_row]<\/p>\n<\/div>","protected":false},"excerpt":{"rendered":"<p>[vc_row bg_type=\u00a0\u00bbno_bg\u00a0\u00bb row_parallax_speed=\u00a0\u00bb1&Prime; content_width=\u00a0\u00bbdefault\u00a0\u00bb css=\u00a0\u00bb.vc_custom_1418868503434{margin-top: -150px !important;}\u00a0\u00bb][vc_column width=\u00a0\u00bb2\/3&Prime; css=\u00a0\u00bb.vc_custom_1418866906242{padding-top: 12px !important;}\u00a0\u00bb][vc_column_text]Expostion Collective Les trois artistes r\u00e9unis sur cette exposition \u00ab\u00a0Autour du Bestiaire\u00a0\u00bb\u00a0 nous immergent dans leurs univers intimistes. Chim\u00e8res, animaux totems ou imaginaires, carcasses\u00a0sont autant de m\u00e9taphores qui font \u00e9cho \u00e0 notre propre condition d\u2019humain. Une prise de conscience de [&hellip;]<\/p>\n","protected":false},"author":1,"featured_media":0,"parent":0,"menu_order":0,"comment_status":"open","ping_status":"open","template":"","meta":{"footnotes":""},"class_list":["post-1117","page","type-page","status-publish","hentry"],"_links":{"self":[{"href":"http:\/\/www.catherine-mainguy.fr\/galerie-cmainguy\/wp-json\/wp\/v2\/pages\/1117"}],"collection":[{"href":"http:\/\/www.catherine-mainguy.fr\/galerie-cmainguy\/wp-json\/wp\/v2\/pages"}],"about":[{"href":"http:\/\/www.catherine-mainguy.fr\/galerie-cmainguy\/wp-json\/wp\/v2\/types\/page"}],"author":[{"embeddable":true,"href":"http:\/\/www.catherine-mainguy.fr\/galerie-cmainguy\/wp-json\/wp\/v2\/users\/1"}],"replies":[{"embeddable":true,"href":"http:\/\/www.catherine-mainguy.fr\/galerie-cmainguy\/wp-json\/wp\/v2\/comments?post=1117"}],"version-history":[{"count":10,"href":"http:\/\/www.catherine-mainguy.fr\/galerie-cmainguy\/wp-json\/wp\/v2\/pages\/1117\/revisions"}],"predecessor-version":[{"id":1119,"href":"http:\/\/www.catherine-mainguy.fr\/galerie-cmainguy\/wp-json\/wp\/v2\/pages\/1117\/revisions\/1119"}],"wp:attachment":[{"href":"http:\/\/www.catherine-mainguy.fr\/galerie-cmainguy\/wp-json\/wp\/v2\/media?parent=1117"}],"curies":[{"name":"wp","href":"https:\/\/api.w.org\/{rel}","templated":true}]}}