{"id":1088,"date":"2018-06-05T21:46:42","date_gmt":"2018-06-05T21:46:42","guid":{"rendered":"http:\/\/www.catherine-mainguy.fr\/galerie-cmainguy\/?page_id=1088"},"modified":"2018-06-05T21:59:30","modified_gmt":"2018-06-05T21:59:30","slug":"catherine-mainguy-racines","status":"publish","type":"page","link":"http:\/\/www.catherine-mainguy.fr\/galerie-cmainguy\/catherine-mainguy-racines\/","title":{"rendered":"CATHERINE MAINGUY &#8211; RACINES"},"content":{"rendered":"<div class=\"wpb-content-wrapper\"><p>[vc_row bg_type=\u00a0\u00bbno_bg\u00a0\u00bb row_parallax_speed=\u00a0\u00bb1&Prime; content_width=\u00a0\u00bbdefault\u00a0\u00bb css=\u00a0\u00bb.vc_custom_1418868503434{margin-top: -150px !important;}\u00a0\u00bb][vc_column width=\u00a0\u00bb1\/3&Prime; css=\u00a0\u00bb.vc_custom_1528235798272{padding-top: 0px !important;}\u00a0\u00bb][vc_column_text]Une exposition qui rend hommage aux femmes au travers de portraits.<\/p>\n<p><strong>1791 :<\/strong>Premi\u00e8res femmes f\u00e9ministes. Olympe de Gouges r\u00e9clame l&rsquo;\u00e9galit\u00e9 politique entre hommes et femmes dans sa \u00ab\u00a0D\u00e9claration des droits de la femme et de la citoyenne\u00a0\u00bb qui stipule dans son article 1: \u00ab\u00a0La femme nait libre et \u00e9gale \u00e0 l&rsquo;homme en droits\u00a0\u00bb. Elle est guillotin\u00e9e deux ans plus tard.<\/p>\n<p><strong>1938 :<\/strong> l&rsquo;article 213 du code civil de 1804 est r\u00e9form\u00e9 et supprime l&rsquo;incapacit\u00e9 juridique des femmes. Elles ne doivent plus ob\u00e9issance \u00e0 leur \u00e9poux.[\/vc_column_text][\/vc_column][vc_column width=\u00a0\u00bb1\/3&Prime;][vc_column_text]<strong><span class=\"s1\">1944 : <\/span><\/strong>l&rsquo;ordonnance du 21 avril accorde le droit de vote aux femmes fran\u00e7aises, qu&rsquo;elles exerceront pour la premi\u00e8re fois le 20 avril 1945.<\/p>\n<p><strong><span class=\"s1\">1965 : <\/span><\/strong>la femme mari\u00e9e n&rsquo;est plus consid\u00e9r\u00e9e comme une mineure. R\u00e9forme des r\u00e9gimes matrimoniaux : les femmes peuvent exercer une profession et g\u00e9rer leurs biens propres sans autorisation maritale.<\/p>\n<p><span class=\"s1\"><strong>1970 :<\/strong> <\/span>la puissance paternelle est remplac\u00e9e par l&rsquo;autorit\u00e9 parentale, suppression de la notion de chef de famille.[\/vc_column_text][\/vc_column][vc_column width=\u00a0\u00bb1\/3&Prime; css=\u00a0\u00bb.vc_custom_1528235809015{padding-top: 0px !important;}\u00a0\u00bb][vc_column_text]<span class=\"s1\"><strong>1974 :<\/strong> <\/span>le 20 d\u00e9cembre, apr\u00e8s de tr\u00e8s houleux d\u00e9bats, vote par l&rsquo;Assembl\u00e9e nationale de la loi Veil sur l&rsquo;IVG par 277 voix contre 192.<\/p>\n<p><strong><span class=\"s1\">1999 : <\/span><\/strong>la Constitution int\u00e8gre le principe de parit\u00e9, qui permet une loi sur l&rsquo;\u00e9gal acc\u00e8s aux fonctions politiques l&rsquo;ann\u00e9e suivante.<\/p>\n<p><span style=\"color: #2fc99d;\"><strong>Vernissage<\/strong><\/span> le\u00a0jeudi 14 juin 2018 \u00e0 partir de 18h30<\/p>\n<p><span style=\"color: #2fc99d;\"><strong>Exposition<\/strong><\/span> du\u00a014 juin 2018 au 28 juillet 2018<\/p>\n<p><a href=\"http:\/\/www.catherine-mainguy.fr\" target=\"_blank\">www.catherine-mainguy.fr<\/a>[\/vc_column_text][\/vc_column][\/vc_row][vc_row css=\u00a0\u00bb.vc_custom_1480897258722{margin-top: 50px !important;}\u00a0\u00bb bg_type=\u00a0\u00bbno_bg\u00a0\u00bb row_parallax_speed=\u00a0\u00bb1&Prime; content_width=\u00a0\u00bbdefault\u00a0\u00bb][vc_column width=\u00a0\u00bb1\/2&Prime; css=\u00a0\u00bb.vc_custom_1481152530681{padding-right: 50px !important;}\u00a0\u00bb]<div class=\"my-animation fadeInRight\"><div class='infobox-1 default'><header><img src='http:\/\/www.catherine-mainguy.fr\/galerie-cmainguy\/wp-content\/uploads\/2018\/06\/RACINES-19-100X65cm-graphite-sur-papier-copie.jpg' alt='' class='img-responsive' \/><\/header><h5 >RACINES 19 - 100X65cm - graphite sur papier - 2018<\/h5><\/div><\/div>[\/vc_column][vc_column width=\u00a0\u00bb1\/2&Prime; css=\u00a0\u00bb.vc_custom_1481152542403{padding-left: 50px !important;}\u00a0\u00bb]<div class=\"my-animation fadeInLeft\"><div class='infobox-1 default'><header><img src='http:\/\/www.catherine-mainguy.fr\/galerie-cmainguy\/wp-content\/uploads\/2018\/06\/RACINES-18-100X65cm-graphite-sur-papier-copie.jpg' alt='' class='img-responsive' \/><\/header><h5 >RACINES 18 - 100X65cm - graphite sur papier - 2018<\/h5><\/div><\/div>[\/vc_column][\/vc_row][vc_row css=\u00a0\u00bb.vc_custom_1480897258722{margin-top: 50px !important;}\u00a0\u00bb bg_type=\u00a0\u00bbno_bg\u00a0\u00bb row_parallax_speed=\u00a0\u00bb1&Prime; content_width=\u00a0\u00bbdefault\u00a0\u00bb][vc_column width=\u00a0\u00bb1\/2&Prime; css=\u00a0\u00bb.vc_custom_1481152530681{padding-right: 50px !important;}\u00a0\u00bb]<div class=\"my-animation fadeInRight\"><div class='infobox-1 default'><header><img src='http:\/\/www.catherine-mainguy.fr\/galerie-cmainguy\/wp-content\/uploads\/2018\/06\/RACINES-17-100X65cm-graphite-sur-papier-copie.jpg' alt='' class='img-responsive' \/><\/header><h5 >RACINES 17 - 100X65cm - graphite sur papier - 2018<\/h5><\/div><\/div>[\/vc_column][vc_column width=\u00a0\u00bb1\/2&Prime; css=\u00a0\u00bb.vc_custom_1481152542403{padding-left: 50px !important;}\u00a0\u00bb]<div class=\"my-animation fadeInRight\"><div class='infobox-1 default'><header><img src='http:\/\/www.catherine-mainguy.fr\/galerie-cmainguy\/wp-content\/uploads\/2018\/06\/RACINES-16-100X65cm-graphite-sur-papier-copie.jpg' alt='' class='img-responsive' \/><\/header><h5 >RACINES 16 - 100X65cm - graphite sur papier - 2018<\/h5><\/div><\/div>[\/vc_column][\/vc_row]<\/p>\n<\/div>","protected":false},"excerpt":{"rendered":"<p>[vc_row bg_type=\u00a0\u00bbno_bg\u00a0\u00bb row_parallax_speed=\u00a0\u00bb1&Prime; content_width=\u00a0\u00bbdefault\u00a0\u00bb css=\u00a0\u00bb.vc_custom_1418868503434{margin-top: -150px !important;}\u00a0\u00bb][vc_column width=\u00a0\u00bb1\/3&Prime; css=\u00a0\u00bb.vc_custom_1528235798272{padding-top: 0px !important;}\u00a0\u00bb][vc_column_text]Une exposition qui rend hommage aux femmes au travers de portraits. 1791 :Premi\u00e8res femmes f\u00e9ministes. Olympe de Gouges r\u00e9clame l&rsquo;\u00e9galit\u00e9 politique entre hommes et femmes dans sa \u00ab\u00a0D\u00e9claration des droits de la femme et de la citoyenne\u00a0\u00bb qui stipule dans [&hellip;]<\/p>\n","protected":false},"author":1,"featured_media":0,"parent":0,"menu_order":0,"comment_status":"open","ping_status":"open","template":"","meta":{"footnotes":""},"class_list":["post-1088","page","type-page","status-publish","hentry"],"_links":{"self":[{"href":"http:\/\/www.catherine-mainguy.fr\/galerie-cmainguy\/wp-json\/wp\/v2\/pages\/1088"}],"collection":[{"href":"http:\/\/www.catherine-mainguy.fr\/galerie-cmainguy\/wp-json\/wp\/v2\/pages"}],"about":[{"href":"http:\/\/www.catherine-mainguy.fr\/galerie-cmainguy\/wp-json\/wp\/v2\/types\/page"}],"author":[{"embeddable":true,"href":"http:\/\/www.catherine-mainguy.fr\/galerie-cmainguy\/wp-json\/wp\/v2\/users\/1"}],"replies":[{"embeddable":true,"href":"http:\/\/www.catherine-mainguy.fr\/galerie-cmainguy\/wp-json\/wp\/v2\/comments?post=1088"}],"version-history":[{"count":7,"href":"http:\/\/www.catherine-mainguy.fr\/galerie-cmainguy\/wp-json\/wp\/v2\/pages\/1088\/revisions"}],"predecessor-version":[{"id":1100,"href":"http:\/\/www.catherine-mainguy.fr\/galerie-cmainguy\/wp-json\/wp\/v2\/pages\/1088\/revisions\/1100"}],"wp:attachment":[{"href":"http:\/\/www.catherine-mainguy.fr\/galerie-cmainguy\/wp-json\/wp\/v2\/media?parent=1088"}],"curies":[{"name":"wp","href":"https:\/\/api.w.org\/{rel}","templated":true}]}}