{"id":1056,"date":"2017-11-27T23:40:15","date_gmt":"2017-11-27T23:40:15","guid":{"rendered":"http:\/\/www.catherine-mainguy.fr\/galerie-cmainguy\/?page_id=1056"},"modified":"2017-11-28T12:03:33","modified_gmt":"2017-11-28T12:03:33","slug":"autour-du-noir-et-blanc","status":"publish","type":"page","link":"http:\/\/www.catherine-mainguy.fr\/galerie-cmainguy\/autour-du-noir-et-blanc\/","title":{"rendered":"Autour du Noir et Blanc"},"content":{"rendered":"<div class=\"wpb-content-wrapper\"><p>[vc_row bg_type=\u00a0\u00bbno_bg\u00a0\u00bb row_parallax_speed=\u00a0\u00bb1&Prime; content_width=\u00a0\u00bbdefault\u00a0\u00bb css=\u00a0\u00bb.vc_custom_1418868503434{margin-top: -150px !important;}\u00a0\u00bb][vc_column width=\u00a0\u00bb1\/3&Prime; css=\u00a0\u00bb.vc_custom_1418866906242{padding-top: 12px !important;}\u00a0\u00bb][vc_column_text]<strong><span style=\"color: #2fc99d;\">Expostion Collective<br \/>\n<\/span><\/strong>Cinq artistes aux techniques diff\u00e9rentes sont r\u00e9unis dans cette exposition d\u00e9di\u00e9e aux \u0153uvres en \u00ab\u00a0noir et blanc\u00a0\u00bb sur papier.\u2028 Cinq univers qui nous embarquent dans un voyage po\u00e9tique et contemplatif, en passant par la photographie, l\u2019encre, l\u2019huile, la gravure, le fusain et\u00a0 le pelliculage de polaroid. Un voyage o\u00f9 le noir fait vibrer la lumi\u00e8re.[\/vc_column_text][\/vc_column][vc_column width=\u00a0\u00bb1\/3&Prime; css=\u00a0\u00bb.vc_custom_1418866919529{padding-top: 12px !important;}\u00a0\u00bb][vc_column_text]<span style=\"color: #2fc99d;\"><strong>Exposition :<br \/>\n<\/strong><\/span>du 23 Novembre au 23 D\u00e9cembre 201<\/p>\n<p><span style=\"color: #2fc99d;\"><strong>Artistes :<br \/>\n<\/strong><\/span><a href=\"http:\/\/www.catherine-mainguy.fr\/galerie-cmainguy\/benedicte-dussere\/\">B\u00e9n\u00e9dicte Duss\u00e8re<\/a>, <a href=\"http:\/\/www.catherine-mainguy.fr\/galerie-cmainguy\/corinne-heraud\/\">Corinne H\u00e9raud<\/a>, Natalie Lanson, <a href=\"http:\/\/www.catherine-mainguy.fr\/galerie-cmainguy\/pascale-parrein\/\">Pascale Parrein<\/a>, <a href=\"http:\/\/www.catherine-mainguy.fr\/galerie-cmainguy\/guillaume-ducreux\/\">Guillaume Ducreux<\/a>[\/vc_column_text][\/vc_column][vc_column width=\u00a0\u00bb1\/3&Prime; css=\u00a0\u00bb.vc_custom_1511827161250{padding-top: 12px !important;}\u00a0\u00bb][vc_column_text]<span style=\"color: #2fc99d;\"><strong>Vernissage<\/strong><\/span> Le jeudi 23 Novembre \u00e0 19h<\/p>\n<p><span style=\"color: #2fc99d;\"><strong>Finissage<\/strong><\/span> le samedi 23 D\u00e9cembre<\/p>\n<p><span style=\"color: #2fc99d;\"><strong>Performance But\u00f4 :<br \/>\n<\/strong><\/span>Le Samedi 16 D\u00e9cembre \u00e0 partir de 18h dans le cadre de l\u2019exposition.[\/vc_column_text][\/vc_column][\/vc_row][vc_row bg_type=\u00a0\u00bbno_bg\u00a0\u00bb row_parallax_speed=\u00a0\u00bb1&Prime; content_width=\u00a0\u00bbdefault\u00a0\u00bb][vc_column width=\u00a0\u00bb1\/2&Prime;]<div class=\"my-animation fadeInRight\"><div class='infobox-1 default'><header><img src='http:\/\/www.catherine-mainguy.fr\/galerie-cmainguy\/wp-content\/uploads\/2017\/11\/benedicte-dussere2.jpg' alt='' class='img-responsive' \/><\/header><h5 >B\u00c9N\u00c9DICTE DUSS\u00c8RE<\/h5><\/div><\/div>[\/vc_column][vc_column width=\u00a0\u00bb1\/2&Prime;]<div class=\"my-animation fadeInRight\"><div class='infobox-1 default'><header><img src='http:\/\/www.catherine-mainguy.fr\/galerie-cmainguy\/wp-content\/uploads\/2017\/11\/benedicte-dussere1.jpg' alt='' class='img-responsive' \/><\/header><h5 >B\u00c9N\u00c9DICTE DUSS\u00c8RE<\/h5><\/div><\/div>[\/vc_column][\/vc_row][vc_row bg_type=\u00a0\u00bbno_bg\u00a0\u00bb row_parallax_speed=\u00a0\u00bb1&Prime; content_width=\u00a0\u00bbdefault\u00a0\u00bb][vc_column width=\u00a0\u00bb1\/2&Prime;]<div class=\"my-animation fadeInRight\"><div class='infobox-1 default'><header><img src='http:\/\/www.catherine-mainguy.fr\/galerie-cmainguy\/wp-content\/uploads\/2017\/11\/corrine-heraud1.jpg' alt='' class='img-responsive' \/><\/header><h5 >CORINNE H\u00c9RAUD<\/h5><\/div><\/div>[\/vc_column][vc_column width=\u00a0\u00bb1\/2&Prime;]<div class=\"my-animation fadeInRight\"><div class='infobox-1 default'><header><img src='http:\/\/www.catherine-mainguy.fr\/galerie-cmainguy\/wp-content\/uploads\/2017\/11\/corrine-heraud2.jpg' alt='' class='img-responsive' \/><\/header><h5 >CORINNE H\u00c9RAUD<\/h5><\/div><\/div>[\/vc_column][\/vc_row][vc_row bg_type=\u00a0\u00bbno_bg\u00a0\u00bb row_parallax_speed=\u00a0\u00bb1&Prime; content_width=\u00a0\u00bbdefault\u00a0\u00bb][vc_column width=\u00a0\u00bb1\/2&Prime;]<div class=\"my-animation fadeInRight\"><div class='infobox-1 default'><header><img src='http:\/\/www.catherine-mainguy.fr\/galerie-cmainguy\/wp-content\/uploads\/2017\/11\/natalie-lanson2.jpg' alt='' class='img-responsive' \/><\/header><h5 >NATALIE LANSON<\/h5><\/div><\/div>[\/vc_column][vc_column width=\u00a0\u00bb1\/2&Prime;]<div class=\"my-animation fadeInRight\"><div class='infobox-1 default'><header><img src='http:\/\/www.catherine-mainguy.fr\/galerie-cmainguy\/wp-content\/uploads\/2017\/11\/natalie-lanson1.jpg' alt='' class='img-responsive' \/><\/header><h5 >NATALIE LANSON<\/h5><\/div><\/div>[\/vc_column][\/vc_row][vc_row bg_type=\u00a0\u00bbno_bg\u00a0\u00bb row_parallax_speed=\u00a0\u00bb1&Prime; content_width=\u00a0\u00bbdefault\u00a0\u00bb][vc_column width=\u00a0\u00bb1\/2&Prime;]<div class=\"my-animation fadeInRight\"><div class='infobox-1 default'><header><img src='http:\/\/www.catherine-mainguy.fr\/galerie-cmainguy\/wp-content\/uploads\/2017\/11\/pascal-parrein2.jpg' alt='' class='img-responsive' \/><\/header><h5 >PASCALE PARREIN<\/h5><\/div><\/div>[\/vc_column][vc_column width=\u00a0\u00bb1\/2&Prime;]<div class=\"my-animation fadeInRight\"><div class='infobox-1 default'><header><img src='http:\/\/www.catherine-mainguy.fr\/galerie-cmainguy\/wp-content\/uploads\/2017\/11\/pascal-parrein1.jpg' alt='' class='img-responsive' \/><\/header><h5 >PASCALE PARREIN<\/h5><\/div><\/div>[\/vc_column][\/vc_row][vc_row bg_type=\u00a0\u00bbno_bg\u00a0\u00bb row_parallax_speed=\u00a0\u00bb1&Prime; content_width=\u00a0\u00bbdefault\u00a0\u00bb][vc_column width=\u00a0\u00bb1\/2&Prime;]<div class=\"my-animation fadeInRight\"><div class='infobox-1 default'><header><img src='http:\/\/www.catherine-mainguy.fr\/galerie-cmainguy\/wp-content\/uploads\/2017\/11\/guillaume-ducreux2.jpg' alt='' class='img-responsive' \/><\/header><h5 >GUILLAUME DUCREUX<\/h5><\/div><\/div>[\/vc_column][vc_column width=\u00a0\u00bb1\/2&Prime;]<div class=\"my-animation fadeInRight\"><div class='infobox-1 default'><header><img src='http:\/\/www.catherine-mainguy.fr\/galerie-cmainguy\/wp-content\/uploads\/2017\/11\/guillaume-ducreux1.jpg' alt='' class='img-responsive' \/><\/header><h5 >GUILLAUME DUCREUX<\/h5><\/div><\/div>[\/vc_column][\/vc_row]<\/p>\n<\/div>","protected":false},"excerpt":{"rendered":"<p>[vc_row bg_type=\u00a0\u00bbno_bg\u00a0\u00bb row_parallax_speed=\u00a0\u00bb1&Prime; content_width=\u00a0\u00bbdefault\u00a0\u00bb css=\u00a0\u00bb.vc_custom_1418868503434{margin-top: -150px !important;}\u00a0\u00bb][vc_column width=\u00a0\u00bb1\/3&Prime; css=\u00a0\u00bb.vc_custom_1418866906242{padding-top: 12px !important;}\u00a0\u00bb][vc_column_text]Expostion Collective Cinq artistes aux techniques diff\u00e9rentes sont r\u00e9unis dans cette exposition d\u00e9di\u00e9e aux \u0153uvres en \u00ab\u00a0noir et blanc\u00a0\u00bb sur papier.\u2028 Cinq univers qui nous embarquent dans un voyage po\u00e9tique et contemplatif, en passant par la photographie, l\u2019encre, l\u2019huile, la [&hellip;]<\/p>\n","protected":false},"author":1,"featured_media":0,"parent":0,"menu_order":0,"comment_status":"open","ping_status":"open","template":"","meta":{"footnotes":""},"class_list":["post-1056","page","type-page","status-publish","hentry"],"_links":{"self":[{"href":"http:\/\/www.catherine-mainguy.fr\/galerie-cmainguy\/wp-json\/wp\/v2\/pages\/1056"}],"collection":[{"href":"http:\/\/www.catherine-mainguy.fr\/galerie-cmainguy\/wp-json\/wp\/v2\/pages"}],"about":[{"href":"http:\/\/www.catherine-mainguy.fr\/galerie-cmainguy\/wp-json\/wp\/v2\/types\/page"}],"author":[{"embeddable":true,"href":"http:\/\/www.catherine-mainguy.fr\/galerie-cmainguy\/wp-json\/wp\/v2\/users\/1"}],"replies":[{"embeddable":true,"href":"http:\/\/www.catherine-mainguy.fr\/galerie-cmainguy\/wp-json\/wp\/v2\/comments?post=1056"}],"version-history":[{"count":13,"href":"http:\/\/www.catherine-mainguy.fr\/galerie-cmainguy\/wp-json\/wp\/v2\/pages\/1056\/revisions"}],"predecessor-version":[{"id":1082,"href":"http:\/\/www.catherine-mainguy.fr\/galerie-cmainguy\/wp-json\/wp\/v2\/pages\/1056\/revisions\/1082"}],"wp:attachment":[{"href":"http:\/\/www.catherine-mainguy.fr\/galerie-cmainguy\/wp-json\/wp\/v2\/media?parent=1056"}],"curies":[{"name":"wp","href":"https:\/\/api.w.org\/{rel}","templated":true}]}}